{"id":3823,"date":"2023-07-23T18:14:56","date_gmt":"2023-07-23T16:14:56","guid":{"rendered":"https:\/\/tierpark-riesa.de\/ihr-besuch\/"},"modified":"2024-10-22T17:39:02","modified_gmt":"2024-10-22T15:39:02","slug":"ihr-besuch","status":"publish","type":"page","link":"https:\/\/tierpark-riesa.de\/de-ls\/ihr-besuch\/","title":{"rendered":"Ihr Besuch"},"content":{"rendered":"\t\t<div data-elementor-type=\"wp-page\" data-elementor-id=\"3823\" class=\"elementor elementor-3823 elementor-1308\" data-elementor-post-type=\"page\">\n\t\t\t\t\t\t<section class=\"elementor-section elementor-top-section elementor-element elementor-element-a0b5fdf elementor-section-full_width elementor-section-height-default elementor-section-height-default\" data-id=\"a0b5fdf\" data-element_type=\"section\" data-settings=\"{&quot;shape_divider_bottom&quot;:&quot;mountains&quot;}\">\n\t\t\t\t\t<div class=\"elementor-shape elementor-shape-bottom\" aria-hidden=\"true\" data-negative=\"false\">\n\t\t\t<svg xmlns=\"http:\/\/www.w3.org\/2000\/svg\" viewBox=\"0 0 1000 100\" preserveAspectRatio=\"none\">\n\t<path class=\"elementor-shape-fill\" opacity=\"0.33\" d=\"M473,67.3c-203.9,88.3-263.1-34-320.3,0C66,119.1,0,59.7,0,59.7V0h1000v59.7 c0,0-62.1,26.1-94.9,29.3c-32.8,3.3-62.8-12.3-75.8-22.1C806,49.6,745.3,8.7,694.9,4.7S492.4,59,473,67.3z\"\/>\n\t<path class=\"elementor-shape-fill\" opacity=\"0.66\" d=\"M734,67.3c-45.5,0-77.2-23.2-129.1-39.1c-28.6-8.7-150.3-10.1-254,39.1 s-91.7-34.4-149.2,0C115.7,118.3,0,39.8,0,39.8V0h1000v36.5c0,0-28.2-18.5-92.1-18.5C810.2,18.1,775.7,67.3,734,67.3z\"\/>\n\t<path class=\"elementor-shape-fill\" d=\"M766.1,28.9c-200-57.5-266,65.5-395.1,19.5C242,1.8,242,5.4,184.8,20.6C128,35.8,132.3,44.9,89.9,52.5C28.6,63.7,0,0,0,0 h1000c0,0-9.9,40.9-83.6,48.1S829.6,47,766.1,28.9z\"\/>\n<\/svg>\t\t<\/div>\n\t\t\t\t\t<div class=\"elementor-container elementor-column-gap-no\">\n\t\t\t\t\t<div class=\"elementor-column elementor-col-100 elementor-top-column elementor-element elementor-element-5c507ac\" data-id=\"5c507ac\" data-element_type=\"column\" data-settings=\"{&quot;background_background&quot;:&quot;classic&quot;}\">\n\t\t\t<div class=\"elementor-widget-wrap elementor-element-populated\">\n\t\t\t\t\t\t<div class=\"elementor-element elementor-element-d5ecba5 elementor--h-position-right elementor--v-position-middle elementor-pagination-position-inside elementor-widget elementor-widget-slides\" data-id=\"d5ecba5\" data-element_type=\"widget\" data-settings=\"{&quot;navigation&quot;:&quot;dots&quot;,&quot;transition&quot;:&quot;fade&quot;,&quot;autoplay&quot;:&quot;yes&quot;,&quot;pause_on_hover&quot;:&quot;yes&quot;,&quot;pause_on_interaction&quot;:&quot;yes&quot;,&quot;autoplay_speed&quot;:5000,&quot;infinite&quot;:&quot;yes&quot;,&quot;transition_speed&quot;:500}\" data-widget_type=\"slides.default\">\n\t\t\t\t<div class=\"elementor-widget-container\">\n\t\t\t\t\t\t\t\t\t<div class=\"elementor-swiper\">\n\t\t\t\t\t<div class=\"elementor-slides-wrapper elementor-main-swiper swiper\" role=\"region\" aria-roledescription=\"carousel\" aria-label=\"Slides\" dir=\"ltr\" data-animation=\"fadeInUp\">\n\t\t\t\t<div class=\"swiper-wrapper elementor-slides\">\n\t\t\t\t\t\t\t\t\t\t<div class=\"elementor-repeater-item-6f26e8c swiper-slide\" role=\"group\" aria-roledescription=\"slide\"><div class=\"swiper-slide-bg\" role=\"img\"><\/div><div class=\"swiper-slide-inner\" ><div class=\"swiper-slide-contents\"><\/div><\/div><\/div>\t\t\t\t<\/div>\n\t\t\t\t\t\t\t<\/div>\n\t\t\t\t<\/div>\n\t\t\t\t\t\t\t\t<\/div>\n\t\t\t\t<\/div>\n\t\t\t\t\t<\/div>\n\t\t<\/div>\n\t\t\t\t\t<\/div>\n\t\t<\/section>\n\t\t\t\t<section class=\"elementor-section elementor-top-section elementor-element elementor-element-863035d elementor-section-boxed elementor-section-height-default elementor-section-height-default\" data-id=\"863035d\" data-element_type=\"section\">\n\t\t\t\t\t\t<div class=\"elementor-container elementor-column-gap-default\">\n\t\t\t\t\t<div class=\"elementor-column elementor-col-100 elementor-top-column elementor-element elementor-element-4b19b4a\" data-id=\"4b19b4a\" data-element_type=\"column\">\n\t\t\t<div class=\"elementor-widget-wrap elementor-element-populated\">\n\t\t\t\t\t\t<div class=\"elementor-element elementor-element-54f55b3 elementor-widget elementor-widget-heading\" data-id=\"54f55b3\" data-element_type=\"widget\" data-widget_type=\"heading.default\">\n\t\t\t\t<div class=\"elementor-widget-container\">\n\t\t\t\t\t<h1 class=\"elementor-heading-title elementor-size-default\">IHR BESUCH IM TIERPARK RIESA<\/h1>\t\t\t\t<\/div>\n\t\t\t\t<\/div>\n\t\t\t\t<div class=\"elementor-element elementor-element-c46b7bb elementor-widget elementor-widget-text-editor\" data-id=\"c46b7bb\" data-element_type=\"widget\" data-widget_type=\"text-editor.default\">\n\t\t\t\t<div class=\"elementor-widget-container\">\n\t\t\t\t\t\t\t\t\t<p>Auf den einzelnen Seiten finden Sie mehr Informationen.<\/p>\n\t\t\t\t\t\t\t\t<\/div>\n\t\t\t\t<\/div>\n\t\t\t\t<div class=\"elementor-element elementor-element-79cc6b6 elementor-cta--valign-middle LinkBox elementor-cta--layout-image-right elementor-cta--skin-classic elementor-animated-content elementor-widget elementor-widget-call-to-action\" data-id=\"79cc6b6\" data-element_type=\"widget\" data-widget_type=\"call-to-action.default\">\n\t\t\t\t<div class=\"elementor-widget-container\">\n\t\t\t\t\t\t\t<a class=\"elementor-cta\" href=\"https:\/\/tierpark-riesa.de\/ihr-besuch\/anfahrt\/\">\n\t\t\t\t\t<div class=\"elementor-cta__bg-wrapper\">\n\t\t\t\t<div class=\"elementor-cta__bg elementor-bg\" style=\"background-image: url(https:\/\/tierpark-riesa.de\/wp-content\/uploads\/2023\/08\/ihrBesuch-1024x684.jpg);\" role=\"img\" aria-label=\"ihrBesuch\"><\/div>\n\t\t\t\t<div class=\"elementor-cta__bg-overlay\"><\/div>\n\t\t\t<\/div>\n\t\t\t\t\t\t\t<div class=\"elementor-cta__content\">\n\t\t\t\t\n\t\t\t\t\t\t\t\t\t<h2 class=\"elementor-cta__title elementor-cta__content-item elementor-content-item\">\n\t\t\t\t\t\tAnfahrt\t\t\t\t\t<\/h2>\n\t\t\t\t\n\t\t\t\t\n\t\t\t\t\t\t\t<\/div>\n\t\t\t\t\t\t<\/a>\n\t\t\t\t\t\t<\/div>\n\t\t\t\t<\/div>\n\t\t\t\t<div class=\"elementor-element elementor-element-6850244 elementor-cta--valign-middle LinkBox elementor-cta--layout-image-right elementor-cta--skin-classic elementor-animated-content elementor-widget elementor-widget-call-to-action\" data-id=\"6850244\" data-element_type=\"widget\" data-widget_type=\"call-to-action.default\">\n\t\t\t\t<div class=\"elementor-widget-container\">\n\t\t\t\t\t\t\t<a class=\"elementor-cta\" href=\"https:\/\/tierpark-riesa.de\/ihr-besuch\/oeffnungszeiten\/\">\n\t\t\t\t\t<div class=\"elementor-cta__bg-wrapper\">\n\t\t\t\t<div class=\"elementor-cta__bg elementor-bg\" style=\"background-image: url(https:\/\/tierpark-riesa.de\/wp-content\/uploads\/2023\/08\/4-1024x680.jpg);\" role=\"img\" aria-label=\"4\"><\/div>\n\t\t\t\t<div class=\"elementor-cta__bg-overlay\"><\/div>\n\t\t\t<\/div>\n\t\t\t\t\t\t\t<div class=\"elementor-cta__content\">\n\t\t\t\t\n\t\t\t\t\t\t\t\t\t<h2 class=\"elementor-cta__title elementor-cta__content-item elementor-content-item\">\n\t\t\t\t\t\t\u00d6ffnungszeiten\t\t\t\t\t<\/h2>\n\t\t\t\t\n\t\t\t\t\n\t\t\t\t\t\t\t<\/div>\n\t\t\t\t\t\t<\/a>\n\t\t\t\t\t\t<\/div>\n\t\t\t\t<\/div>\n\t\t\t\t<div class=\"elementor-element elementor-element-304e4c4 elementor-cta--valign-middle LinkBox elementor-cta--layout-image-right elementor-cta--skin-classic elementor-animated-content elementor-widget elementor-widget-call-to-action\" data-id=\"304e4c4\" data-element_type=\"widget\" data-widget_type=\"call-to-action.default\">\n\t\t\t\t<div class=\"elementor-widget-container\">\n\t\t\t\t\t\t\t<a class=\"elementor-cta\" href=\"https:\/\/tierpark-riesa.de\/ihr-besuch\/preise\/\">\n\t\t\t\t\t<div class=\"elementor-cta__bg-wrapper\">\n\t\t\t\t<div class=\"elementor-cta__bg elementor-bg\" style=\"background-image: url(https:\/\/tierpark-riesa.de\/wp-content\/uploads\/2023\/08\/P1030612-1024x768.jpg);\" role=\"img\" aria-label=\"P1030612\"><\/div>\n\t\t\t\t<div class=\"elementor-cta__bg-overlay\"><\/div>\n\t\t\t<\/div>\n\t\t\t\t\t\t\t<div class=\"elementor-cta__content\">\n\t\t\t\t\n\t\t\t\t\t\t\t\t\t<h2 class=\"elementor-cta__title elementor-cta__content-item elementor-content-item\">\n\t\t\t\t\t\tPreise\t\t\t\t\t<\/h2>\n\t\t\t\t\n\t\t\t\t\n\t\t\t\t\t\t\t<\/div>\n\t\t\t\t\t\t<\/a>\n\t\t\t\t\t\t<\/div>\n\t\t\t\t<\/div>\n\t\t\t\t<div class=\"elementor-element elementor-element-566d1c1 elementor-cta--valign-middle LinkBox elementor-cta--layout-image-right elementor-cta--skin-classic elementor-animated-content elementor-widget elementor-widget-call-to-action\" data-id=\"566d1c1\" data-element_type=\"widget\" data-widget_type=\"call-to-action.default\">\n\t\t\t\t<div class=\"elementor-widget-container\">\n\t\t\t\t\t\t\t<a class=\"elementor-cta\" href=\"https:\/\/tierpark-riesa.de\/ihr-besuch\/tierpark-plan\/\">\n\t\t\t\t\t<div class=\"elementor-cta__bg-wrapper\">\n\t\t\t\t<div class=\"elementor-cta__bg elementor-bg\" style=\"background-image: url(https:\/\/tierpark-riesa.de\/wp-content\/uploads\/2023\/08\/6-1024x680.jpg);\" role=\"img\" aria-label=\"6\"><\/div>\n\t\t\t\t<div class=\"elementor-cta__bg-overlay\"><\/div>\n\t\t\t<\/div>\n\t\t\t\t\t\t\t<div class=\"elementor-cta__content\">\n\t\t\t\t\n\t\t\t\t\t\t\t\t\t<h2 class=\"elementor-cta__title elementor-cta__content-item elementor-content-item\">\n\t\t\t\t\t\tTierpark-Plan\t\t\t\t\t<\/h2>\n\t\t\t\t\n\t\t\t\t\n\t\t\t\t\t\t\t<\/div>\n\t\t\t\t\t\t<\/a>\n\t\t\t\t\t\t<\/div>\n\t\t\t\t<\/div>\n\t\t\t\t<div class=\"elementor-element elementor-element-40a9fb1 elementor-cta--valign-middle LinkBox elementor-cta--layout-image-right elementor-cta--skin-classic elementor-animated-content elementor-widget elementor-widget-call-to-action\" data-id=\"40a9fb1\" data-element_type=\"widget\" data-widget_type=\"call-to-action.default\">\n\t\t\t\t<div class=\"elementor-widget-container\">\n\t\t\t\t\t\t\t<a class=\"elementor-cta\" href=\"https:\/\/tierpark-riesa.de\/ihr-besuch\/besucherordnung\/\">\n\t\t\t\t\t<div class=\"elementor-cta__bg-wrapper\">\n\t\t\t\t<div class=\"elementor-cta__bg elementor-bg\" style=\"background-image: url(https:\/\/tierpark-riesa.de\/wp-content\/uploads\/2023\/08\/DSC_1783-1024x680.jpg);\" role=\"img\" aria-label=\"DSC_1783\"><\/div>\n\t\t\t\t<div class=\"elementor-cta__bg-overlay\"><\/div>\n\t\t\t<\/div>\n\t\t\t\t\t\t\t<div class=\"elementor-cta__content\">\n\t\t\t\t\n\t\t\t\t\t\t\t\t\t<h2 class=\"elementor-cta__title elementor-cta__content-item elementor-content-item\">\n\t\t\t\t\t\tBesucherordnung\t\t\t\t\t<\/h2>\n\t\t\t\t\n\t\t\t\t\n\t\t\t\t\t\t\t<\/div>\n\t\t\t\t\t\t<\/a>\n\t\t\t\t\t\t<\/div>\n\t\t\t\t<\/div>\n\t\t\t\t<div class=\"elementor-element elementor-element-b5eec5a elementor-cta--valign-middle LinkBox elementor-cta--layout-image-right elementor-cta--skin-classic elementor-animated-content elementor-widget elementor-widget-call-to-action\" data-id=\"b5eec5a\" data-element_type=\"widget\" data-widget_type=\"call-to-action.default\">\n\t\t\t\t<div class=\"elementor-widget-container\">\n\t\t\t\t\t\t\t<a class=\"elementor-cta\" href=\"https:\/\/tierpark-riesa.de\/ihr-besuch\/fuetterungen\/\">\n\t\t\t\t\t<div class=\"elementor-cta__bg-wrapper\">\n\t\t\t\t<div class=\"elementor-cta__bg elementor-bg\" style=\"background-image: url(https:\/\/tierpark-riesa.de\/wp-content\/uploads\/2023\/09\/Zwergotter-1-1024x683.jpg);\" role=\"img\" aria-label=\"Zwergotter\"><\/div>\n\t\t\t\t<div class=\"elementor-cta__bg-overlay\"><\/div>\n\t\t\t<\/div>\n\t\t\t\t\t\t\t<div class=\"elementor-cta__content\">\n\t\t\t\t\n\t\t\t\t\t\t\t\t\t<h2 class=\"elementor-cta__title elementor-cta__content-item elementor-content-item\">\n\t\t\t\t\t\tF\u00fctterungen\t\t\t\t\t<\/h2>\n\t\t\t\t\n\t\t\t\t\n\t\t\t\t\t\t\t<\/div>\n\t\t\t\t\t\t<\/a>\n\t\t\t\t\t\t<\/div>\n\t\t\t\t<\/div>\n\t\t\t\t<div class=\"elementor-element elementor-element-da143c4 elementor-cta--valign-middle LinkBox elementor-cta--layout-image-right elementor-cta--skin-classic elementor-animated-content elementor-widget elementor-widget-call-to-action\" data-id=\"da143c4\" data-element_type=\"widget\" data-widget_type=\"call-to-action.default\">\n\t\t\t\t<div class=\"elementor-widget-container\">\n\t\t\t\t\t\t\t<a class=\"elementor-cta\" href=\"https:\/\/tierpark-riesa.de\/ihr-besuch\/fuehrungen\/\">\n\t\t\t\t\t<div class=\"elementor-cta__bg-wrapper\">\n\t\t\t\t<div class=\"elementor-cta__bg elementor-bg\" style=\"background-image: url(https:\/\/tierpark-riesa.de\/wp-content\/uploads\/2023\/08\/DSC_3295-1024x683.jpg);\" role=\"img\" aria-label=\"DSC_3295\"><\/div>\n\t\t\t\t<div class=\"elementor-cta__bg-overlay\"><\/div>\n\t\t\t<\/div>\n\t\t\t\t\t\t\t<div class=\"elementor-cta__content\">\n\t\t\t\t\n\t\t\t\t\t\t\t\t\t<h2 class=\"elementor-cta__title elementor-cta__content-item elementor-content-item\">\n\t\t\t\t\t\tF\u00fchrungen\t\t\t\t\t<\/h2>\n\t\t\t\t\n\t\t\t\t\n\t\t\t\t\t\t\t<\/div>\n\t\t\t\t\t\t<\/a>\n\t\t\t\t\t\t<\/div>\n\t\t\t\t<\/div>\n\t\t\t\t<div class=\"elementor-element elementor-element-1a8e5bf elementor-cta--valign-middle LinkBox elementor-cta--layout-image-right elementor-cta--skin-classic elementor-animated-content elementor-widget elementor-widget-call-to-action\" data-id=\"1a8e5bf\" data-element_type=\"widget\" data-widget_type=\"call-to-action.default\">\n\t\t\t\t<div class=\"elementor-widget-container\">\n\t\t\t\t\t\t\t<a class=\"elementor-cta\" href=\"https:\/\/tierpark-riesa.de\/ihr-besuch\/spielmoeglichkeiten\/\">\n\t\t\t\t\t<div class=\"elementor-cta__bg-wrapper\">\n\t\t\t\t<div class=\"elementor-cta__bg elementor-bg\" style=\"background-image: url(https:\/\/tierpark-riesa.de\/wp-content\/uploads\/2023\/08\/DSC_0514-1024x680.jpg);\" role=\"img\" aria-label=\"DSC_0514\"><\/div>\n\t\t\t\t<div class=\"elementor-cta__bg-overlay\"><\/div>\n\t\t\t<\/div>\n\t\t\t\t\t\t\t<div class=\"elementor-cta__content\">\n\t\t\t\t\n\t\t\t\t\t\t\t\t\t<h2 class=\"elementor-cta__title elementor-cta__content-item elementor-content-item\">\n\t\t\t\t\t\tSpielm\u00f6glichkeiten\t\t\t\t\t<\/h2>\n\t\t\t\t\n\t\t\t\t\n\t\t\t\t\t\t\t<\/div>\n\t\t\t\t\t\t<\/a>\n\t\t\t\t\t\t<\/div>\n\t\t\t\t<\/div>\n\t\t\t\t\t<\/div>\n\t\t<\/div>\n\t\t\t\t\t<\/div>\n\t\t<\/section>\n\t\t\t\t<\/div>\n\t\t","protected":false},"excerpt":{"rendered":"<p>IHR BESUCH IM TIERPARK RIESA Auf den einzelnen Seiten finden Sie mehr Informationen. Anfahrt \u00d6ffnungszeiten Preise Tierpark-Plan Besucherordnung F\u00fctterungen F\u00fchrungen Spielm\u00f6glichkeiten<\/p>\n","protected":false},"author":1,"featured_media":0,"parent":0,"menu_order":0,"comment_status":"closed","ping_status":"closed","template":"elementor_header_footer","meta":{"inline_featured_image":false,"footnotes":""},"class_list":["post-3823","page","type-page","status-publish","hentry"],"yoast_head":"<!-- This site is optimized with the Yoast SEO plugin v25.1 - https:\/\/yoast.com\/wordpress\/plugins\/seo\/ -->\n<title>Ihr Besuch - Tierpark &amp; Kloster Riesa<\/title>\n<meta name=\"robots\" content=\"index, follow, max-snippet:-1, max-image-preview:large, max-video-preview:-1\" \/>\n<link rel=\"canonical\" href=\"https:\/\/tierpark-riesa.de\/de-ls\/ihr-besuch\/\" \/>\n<meta property=\"og:locale\" content=\"de_DE\" \/>\n<meta property=\"og:type\" content=\"article\" \/>\n<meta property=\"og:title\" content=\"Ihr Besuch - Tierpark &amp; Kloster Riesa\" \/>\n<meta property=\"og:description\" content=\"IHR BESUCH IM TIERPARK RIESA Auf den einzelnen Seiten finden Sie mehr Informationen. Anfahrt \u00d6ffnungszeiten Preise Tierpark-Plan Besucherordnung F\u00fctterungen F\u00fchrungen Spielm\u00f6glichkeiten\" \/>\n<meta property=\"og:url\" content=\"https:\/\/tierpark-riesa.de\/de-ls\/ihr-besuch\/\" \/>\n<meta property=\"og:site_name\" content=\"Tierpark &amp; Kloster Riesa\" \/>\n<meta property=\"article:modified_time\" content=\"2024-10-22T15:39:02+00:00\" \/>\n<meta name=\"twitter:card\" content=\"summary_large_image\" \/>\n<script type=\"application\/ld+json\" class=\"yoast-schema-graph\">{\"@context\":\"https:\/\/schema.org\",\"@graph\":[{\"@type\":\"WebPage\",\"@id\":\"https:\/\/tierpark-riesa.de\/de-ls\/ihr-besuch\/\",\"url\":\"https:\/\/tierpark-riesa.de\/de-ls\/ihr-besuch\/\",\"name\":\"Ihr Besuch - Tierpark &amp; Kloster Riesa\",\"isPartOf\":{\"@id\":\"https:\/\/tierpark-riesa.de\/#website\"},\"datePublished\":\"2023-07-23T16:14:56+00:00\",\"dateModified\":\"2024-10-22T15:39:02+00:00\",\"breadcrumb\":{\"@id\":\"https:\/\/tierpark-riesa.de\/de-ls\/ihr-besuch\/#breadcrumb\"},\"inLanguage\":\"de-LS\",\"potentialAction\":[{\"@type\":\"ReadAction\",\"target\":[\"https:\/\/tierpark-riesa.de\/de-ls\/ihr-besuch\/\"]}]},{\"@type\":\"BreadcrumbList\",\"@id\":\"https:\/\/tierpark-riesa.de\/de-ls\/ihr-besuch\/#breadcrumb\",\"itemListElement\":[{\"@type\":\"ListItem\",\"position\":1,\"name\":\"Startseite\",\"item\":\"https:\/\/tierpark-riesa.de\/de-ls\/startseite-2\/\"},{\"@type\":\"ListItem\",\"position\":2,\"name\":\"Ihr Besuch\"}]},{\"@type\":\"WebSite\",\"@id\":\"https:\/\/tierpark-riesa.de\/#website\",\"url\":\"https:\/\/tierpark-riesa.de\/\",\"name\":\"Tierpark &amp; Kloster Riesa\",\"description\":\"Natur erleben - Tiere entdecken an 365 Tagen im Jahr. 400 Tiere in 75 ausgew\u00e4hlten Arten und Rassen im Tierpark Riesa.\",\"publisher\":{\"@id\":\"https:\/\/tierpark-riesa.de\/#organization\"},\"potentialAction\":[{\"@type\":\"SearchAction\",\"target\":{\"@type\":\"EntryPoint\",\"urlTemplate\":\"https:\/\/tierpark-riesa.de\/?s={search_term_string}\"},\"query-input\":{\"@type\":\"PropertyValueSpecification\",\"valueRequired\":true,\"valueName\":\"search_term_string\"}}],\"inLanguage\":\"de-LS\"},{\"@type\":\"Organization\",\"@id\":\"https:\/\/tierpark-riesa.de\/#organization\",\"name\":\"FVG Riesa mbH\",\"url\":\"https:\/\/tierpark-riesa.de\/\",\"logo\":{\"@type\":\"ImageObject\",\"inLanguage\":\"de-LS\",\"@id\":\"https:\/\/tierpark-riesa.de\/#\/schema\/logo\/image\/\",\"url\":\"https:\/\/tierpark-riesa.de\/wp-content\/uploads\/2022\/01\/FVG_logo_claim_4c.png\",\"contentUrl\":\"https:\/\/tierpark-riesa.de\/wp-content\/uploads\/2022\/01\/FVG_logo_claim_4c.png\",\"width\":750,\"height\":265,\"caption\":\"FVG Riesa mbH\"},\"image\":{\"@id\":\"https:\/\/tierpark-riesa.de\/#\/schema\/logo\/image\/\"}}]}<\/script>\n<!-- \/ Yoast SEO plugin. -->","yoast_head_json":{"title":"Ihr Besuch - Tierpark &amp; Kloster Riesa","robots":{"index":"index","follow":"follow","max-snippet":"max-snippet:-1","max-image-preview":"max-image-preview:large","max-video-preview":"max-video-preview:-1"},"canonical":"https:\/\/tierpark-riesa.de\/de-ls\/ihr-besuch\/","og_locale":"de_DE","og_type":"article","og_title":"Ihr Besuch - Tierpark &amp; Kloster Riesa","og_description":"IHR BESUCH IM TIERPARK RIESA Auf den einzelnen Seiten finden Sie mehr Informationen. Anfahrt \u00d6ffnungszeiten Preise Tierpark-Plan Besucherordnung F\u00fctterungen F\u00fchrungen Spielm\u00f6glichkeiten","og_url":"https:\/\/tierpark-riesa.de\/de-ls\/ihr-besuch\/","og_site_name":"Tierpark &amp; Kloster Riesa","article_modified_time":"2024-10-22T15:39:02+00:00","twitter_card":"summary_large_image","schema":{"@context":"https:\/\/schema.org","@graph":[{"@type":"WebPage","@id":"https:\/\/tierpark-riesa.de\/de-ls\/ihr-besuch\/","url":"https:\/\/tierpark-riesa.de\/de-ls\/ihr-besuch\/","name":"Ihr Besuch - Tierpark &amp; Kloster Riesa","isPartOf":{"@id":"https:\/\/tierpark-riesa.de\/#website"},"datePublished":"2023-07-23T16:14:56+00:00","dateModified":"2024-10-22T15:39:02+00:00","breadcrumb":{"@id":"https:\/\/tierpark-riesa.de\/de-ls\/ihr-besuch\/#breadcrumb"},"inLanguage":"de-LS","potentialAction":[{"@type":"ReadAction","target":["https:\/\/tierpark-riesa.de\/de-ls\/ihr-besuch\/"]}]},{"@type":"BreadcrumbList","@id":"https:\/\/tierpark-riesa.de\/de-ls\/ihr-besuch\/#breadcrumb","itemListElement":[{"@type":"ListItem","position":1,"name":"Startseite","item":"https:\/\/tierpark-riesa.de\/de-ls\/startseite-2\/"},{"@type":"ListItem","position":2,"name":"Ihr Besuch"}]},{"@type":"WebSite","@id":"https:\/\/tierpark-riesa.de\/#website","url":"https:\/\/tierpark-riesa.de\/","name":"Tierpark &amp; Kloster Riesa","description":"Natur erleben - Tiere entdecken an 365 Tagen im Jahr. 400 Tiere in 75 ausgew\u00e4hlten Arten und Rassen im Tierpark Riesa.","publisher":{"@id":"https:\/\/tierpark-riesa.de\/#organization"},"potentialAction":[{"@type":"SearchAction","target":{"@type":"EntryPoint","urlTemplate":"https:\/\/tierpark-riesa.de\/?s={search_term_string}"},"query-input":{"@type":"PropertyValueSpecification","valueRequired":true,"valueName":"search_term_string"}}],"inLanguage":"de-LS"},{"@type":"Organization","@id":"https:\/\/tierpark-riesa.de\/#organization","name":"FVG Riesa mbH","url":"https:\/\/tierpark-riesa.de\/","logo":{"@type":"ImageObject","inLanguage":"de-LS","@id":"https:\/\/tierpark-riesa.de\/#\/schema\/logo\/image\/","url":"https:\/\/tierpark-riesa.de\/wp-content\/uploads\/2022\/01\/FVG_logo_claim_4c.png","contentUrl":"https:\/\/tierpark-riesa.de\/wp-content\/uploads\/2022\/01\/FVG_logo_claim_4c.png","width":750,"height":265,"caption":"FVG Riesa mbH"},"image":{"@id":"https:\/\/tierpark-riesa.de\/#\/schema\/logo\/image\/"}}]}},"_links":{"self":[{"href":"https:\/\/tierpark-riesa.de\/de-ls\/wp-json\/wp\/v2\/pages\/3823","targetHints":{"allow":["GET"]}}],"collection":[{"href":"https:\/\/tierpark-riesa.de\/de-ls\/wp-json\/wp\/v2\/pages"}],"about":[{"href":"https:\/\/tierpark-riesa.de\/de-ls\/wp-json\/wp\/v2\/types\/page"}],"author":[{"embeddable":true,"href":"https:\/\/tierpark-riesa.de\/de-ls\/wp-json\/wp\/v2\/users\/1"}],"replies":[{"embeddable":true,"href":"https:\/\/tierpark-riesa.de\/de-ls\/wp-json\/wp\/v2\/comments?post=3823"}],"version-history":[{"count":3,"href":"https:\/\/tierpark-riesa.de\/de-ls\/wp-json\/wp\/v2\/pages\/3823\/revisions"}],"predecessor-version":[{"id":3907,"href":"https:\/\/tierpark-riesa.de\/de-ls\/wp-json\/wp\/v2\/pages\/3823\/revisions\/3907"}],"wp:attachment":[{"href":"https:\/\/tierpark-riesa.de\/de-ls\/wp-json\/wp\/v2\/media?parent=3823"}],"curies":[{"name":"wp","href":"https:\/\/api.w.org\/{rel}","templated":true}]}}