{"id":3825,"date":"2023-07-23T18:15:09","date_gmt":"2023-07-23T16:15:09","guid":{"rendered":"https:\/\/tierpark-riesa.de\/ihr-besuch\/anfahrt\/"},"modified":"2024-10-22T17:43:22","modified_gmt":"2024-10-22T15:43:22","slug":"anfahrt","status":"publish","type":"page","link":"https:\/\/tierpark-riesa.de\/de-ls\/ihr-besuch\/anfahrt\/","title":{"rendered":"Anfahrt"},"content":{"rendered":"\t\t<div data-elementor-type=\"wp-page\" data-elementor-id=\"3825\" class=\"elementor elementor-3825 elementor-1310\" data-elementor-post-type=\"page\">\n\t\t\t\t\t\t<section class=\"elementor-section elementor-top-section elementor-element elementor-element-374cfd0 elementor-section-full_width elementor-section-height-default elementor-section-height-default\" data-id=\"374cfd0\" data-element_type=\"section\" data-settings=\"{&quot;shape_divider_bottom&quot;:&quot;mountains&quot;}\">\n\t\t\t\t\t<div class=\"elementor-shape elementor-shape-bottom\" aria-hidden=\"true\" data-negative=\"false\">\n\t\t\t<svg xmlns=\"http:\/\/www.w3.org\/2000\/svg\" viewBox=\"0 0 1000 100\" preserveAspectRatio=\"none\">\n\t<path class=\"elementor-shape-fill\" opacity=\"0.33\" d=\"M473,67.3c-203.9,88.3-263.1-34-320.3,0C66,119.1,0,59.7,0,59.7V0h1000v59.7 c0,0-62.1,26.1-94.9,29.3c-32.8,3.3-62.8-12.3-75.8-22.1C806,49.6,745.3,8.7,694.9,4.7S492.4,59,473,67.3z\"\/>\n\t<path class=\"elementor-shape-fill\" opacity=\"0.66\" d=\"M734,67.3c-45.5,0-77.2-23.2-129.1-39.1c-28.6-8.7-150.3-10.1-254,39.1 s-91.7-34.4-149.2,0C115.7,118.3,0,39.8,0,39.8V0h1000v36.5c0,0-28.2-18.5-92.1-18.5C810.2,18.1,775.7,67.3,734,67.3z\"\/>\n\t<path class=\"elementor-shape-fill\" d=\"M766.1,28.9c-200-57.5-266,65.5-395.1,19.5C242,1.8,242,5.4,184.8,20.6C128,35.8,132.3,44.9,89.9,52.5C28.6,63.7,0,0,0,0 h1000c0,0-9.9,40.9-83.6,48.1S829.6,47,766.1,28.9z\"\/>\n<\/svg>\t\t<\/div>\n\t\t\t\t\t<div class=\"elementor-container elementor-column-gap-no\">\n\t\t\t\t\t<div class=\"elementor-column elementor-col-100 elementor-top-column elementor-element elementor-element-5f7ae67\" data-id=\"5f7ae67\" data-element_type=\"column\" data-settings=\"{&quot;background_background&quot;:&quot;classic&quot;}\">\n\t\t\t<div class=\"elementor-widget-wrap elementor-element-populated\">\n\t\t\t\t\t\t<div class=\"elementor-element elementor-element-3e77caa elementor--h-position-right elementor--v-position-middle elementor-pagination-position-inside elementor-widget elementor-widget-slides\" data-id=\"3e77caa\" data-element_type=\"widget\" data-settings=\"{&quot;navigation&quot;:&quot;dots&quot;,&quot;transition&quot;:&quot;fade&quot;,&quot;autoplay&quot;:&quot;yes&quot;,&quot;pause_on_hover&quot;:&quot;yes&quot;,&quot;pause_on_interaction&quot;:&quot;yes&quot;,&quot;autoplay_speed&quot;:5000,&quot;infinite&quot;:&quot;yes&quot;,&quot;transition_speed&quot;:500}\" data-widget_type=\"slides.default\">\n\t\t\t\t<div class=\"elementor-widget-container\">\n\t\t\t\t\t\t\t\t\t<div class=\"elementor-swiper\">\n\t\t\t\t\t<div class=\"elementor-slides-wrapper elementor-main-swiper swiper\" role=\"region\" aria-roledescription=\"carousel\" aria-label=\"Slides\" dir=\"ltr\" data-animation=\"fadeInUp\">\n\t\t\t\t<div class=\"swiper-wrapper elementor-slides\">\n\t\t\t\t\t\t\t\t\t\t<div class=\"elementor-repeater-item-6f26e8c swiper-slide\" role=\"group\" aria-roledescription=\"slide\"><div class=\"swiper-slide-bg\" role=\"img\"><\/div><div class=\"swiper-slide-inner\" ><div class=\"swiper-slide-contents\"><\/div><\/div><\/div>\t\t\t\t<\/div>\n\t\t\t\t\t\t\t<\/div>\n\t\t\t\t<\/div>\n\t\t\t\t\t\t\t\t<\/div>\n\t\t\t\t<\/div>\n\t\t\t\t\t<\/div>\n\t\t<\/div>\n\t\t\t\t\t<\/div>\n\t\t<\/section>\n\t\t\t\t<section class=\"elementor-section elementor-top-section elementor-element elementor-element-91c8367 elementor-section-boxed elementor-section-height-default elementor-section-height-default\" data-id=\"91c8367\" data-element_type=\"section\">\n\t\t\t\t\t\t<div class=\"elementor-container elementor-column-gap-default\">\n\t\t\t\t\t<div class=\"elementor-column elementor-col-100 elementor-top-column elementor-element elementor-element-3a1009e\" data-id=\"3a1009e\" data-element_type=\"column\">\n\t\t\t<div class=\"elementor-widget-wrap elementor-element-populated\">\n\t\t\t\t\t\t<div class=\"elementor-element elementor-element-fe1c4ca elementor-widget elementor-widget-heading\" data-id=\"fe1c4ca\" data-element_type=\"widget\" data-widget_type=\"heading.default\">\n\t\t\t\t<div class=\"elementor-widget-container\">\n\t\t\t\t\t<h1 class=\"elementor-heading-title elementor-size-default\">Anfahrt<\/h1>\t\t\t\t<\/div>\n\t\t\t\t<\/div>\n\t\t\t\t\t<\/div>\n\t\t<\/div>\n\t\t\t\t\t<\/div>\n\t\t<\/section>\n\t\t\t\t<section class=\"elementor-section elementor-top-section elementor-element elementor-element-0aebd12 elementor-section-boxed elementor-section-height-default elementor-section-height-default\" data-id=\"0aebd12\" data-element_type=\"section\">\n\t\t\t\t\t\t<div class=\"elementor-container elementor-column-gap-default\">\n\t\t\t\t\t<div class=\"elementor-column elementor-col-50 elementor-top-column elementor-element elementor-element-6668c38\" data-id=\"6668c38\" data-element_type=\"column\">\n\t\t\t<div class=\"elementor-widget-wrap elementor-element-populated\">\n\t\t\t\t\t\t<div class=\"elementor-element elementor-element-d9dffb5 elementor-widget elementor-widget-text-editor\" data-id=\"d9dffb5\" data-element_type=\"widget\" data-widget_type=\"text-editor.default\">\n\t\t\t\t<div class=\"elementor-widget-container\">\n\t\t\t\t\t\t\t\t\t<p><strong>Tierpark &amp; Kloster Riesa Adresse:<\/strong><\/p>\n<p>Rathausplatz 1<br \/>01589 Riesa<\/p>\n<p>Der Eingang ist direkt neben der Klosterkirche am Rathausplatz.<\/p>\n\t\t\t\t\t\t\t\t<\/div>\n\t\t\t\t<\/div>\n\t\t\t\t<div class=\"elementor-element elementor-element-b5c57c0 elementor-align-justify elementor-widget elementor-widget-button\" data-id=\"b5c57c0\" data-element_type=\"widget\" data-widget_type=\"button.default\">\n\t\t\t\t<div class=\"elementor-widget-container\">\n\t\t\t\t\t\t\t\t\t<div class=\"elementor-button-wrapper\">\n\t\t\t\t\t<a class=\"elementor-button elementor-button-link elementor-size-md\" href=\"https:\/\/tierpark-riesa.de\/ihr-besuch\/oeffnungszeiten\/\" target=\"_blank\">\n\t\t\t\t\t\t<span class=\"elementor-button-content-wrapper\">\n\t\t\t\t\t\t<span class=\"elementor-button-icon\">\n\t\t\t\t<i aria-hidden=\"true\" class=\"fas fa-external-link-alt\"><\/i>\t\t\t<\/span>\n\t\t\t\t\t\t\t\t\t<span class=\"elementor-button-text\">\u00d6ffnungszeiten<\/span>\n\t\t\t\t\t<\/span>\n\t\t\t\t\t<\/a>\n\t\t\t\t<\/div>\n\t\t\t\t\t\t\t\t<\/div>\n\t\t\t\t<\/div>\n\t\t\t\t<div class=\"elementor-element elementor-element-1c1667e elementor-align-justify elementor-widget elementor-widget-button\" data-id=\"1c1667e\" data-element_type=\"widget\" data-widget_type=\"button.default\">\n\t\t\t\t<div class=\"elementor-widget-container\">\n\t\t\t\t\t\t\t\t\t<div class=\"elementor-button-wrapper\">\n\t\t\t\t\t<a class=\"elementor-button elementor-button-link elementor-size-md\" href=\"https:\/\/tierpark-riesa.de\/ihr-besuch\/preise\/\" target=\"_blank\">\n\t\t\t\t\t\t<span class=\"elementor-button-content-wrapper\">\n\t\t\t\t\t\t<span class=\"elementor-button-icon\">\n\t\t\t\t<i aria-hidden=\"true\" class=\"fas fa-external-link-alt\"><\/i>\t\t\t<\/span>\n\t\t\t\t\t\t\t\t\t<span class=\"elementor-button-text\">Eintrittpreise<\/span>\n\t\t\t\t\t<\/span>\n\t\t\t\t\t<\/a>\n\t\t\t\t<\/div>\n\t\t\t\t\t\t\t\t<\/div>\n\t\t\t\t<\/div>\n\t\t\t\t<div class=\"elementor-element elementor-element-5bf850b elementor-align-justify elementor-widget elementor-widget-button\" data-id=\"5bf850b\" data-element_type=\"widget\" data-widget_type=\"button.default\">\n\t\t\t\t<div class=\"elementor-widget-container\">\n\t\t\t\t\t\t\t\t\t<div class=\"elementor-button-wrapper\">\n\t\t\t\t\t<a class=\"elementor-button elementor-button-link elementor-size-md\" href=\"https:\/\/tierpark-riesa.de\/ihr-besuch\/besucherordnung\/\" target=\"_blank\">\n\t\t\t\t\t\t<span class=\"elementor-button-content-wrapper\">\n\t\t\t\t\t\t<span class=\"elementor-button-icon\">\n\t\t\t\t<i aria-hidden=\"true\" class=\"fas fa-external-link-alt\"><\/i>\t\t\t<\/span>\n\t\t\t\t\t\t\t\t\t<span class=\"elementor-button-text\">Besucherordnung<\/span>\n\t\t\t\t\t<\/span>\n\t\t\t\t\t<\/a>\n\t\t\t\t<\/div>\n\t\t\t\t\t\t\t\t<\/div>\n\t\t\t\t<\/div>\n\t\t\t\t\t<\/div>\n\t\t<\/div>\n\t\t\t\t<div class=\"elementor-column elementor-col-50 elementor-top-column elementor-element elementor-element-2f15c50\" data-id=\"2f15c50\" data-element_type=\"column\">\n\t\t\t<div class=\"elementor-widget-wrap elementor-element-populated\">\n\t\t\t\t\t\t<div class=\"elementor-element elementor-element-e7d7871 elementor-widget elementor-widget-google_maps\" data-id=\"e7d7871\" data-element_type=\"widget\" data-widget_type=\"google_maps.default\">\n\t\t\t\t<div class=\"elementor-widget-container\">\n\t\t\t\t\t\t\t<div class=\"elementor-custom-embed\">\n\t\t\t <div class=\"brlbs-cmpnt-container brlbs-cmpnt-content-blocker\" data-borlabs-cookie-content-blocker-id=\"google-maps\" data-borlabs-cookie-content=\"PGlmcmFtZSBsb2FkaW5nPSJsYXp5IgoJCQkJCXNyYz0iaHR0cHM6Ly9tYXBzLmdvb2dsZS5jb20vbWFwcz9xPVRpZXJwYXJrJTIwUmllc2EmIzAzODt0PW0mIzAzODt6PTE1JiMwMzg7b3V0cHV0PWVtYmVkJiMwMzg7aXdsb2M9bmVhciIKCQkJCQl0aXRsZT0iVGllcnBhcmsgUmllc2EiCgkJCQkJYXJpYS1sYWJlbD0iVGllcnBhcmsgUmllc2EiCgkJCT48L2lmcmFtZT4=\"><div class=\"brlbs-cmpnt-cb-preset-b brlbs-cmpnt-cb-google-maps\"> <div class=\"brlbs-cmpnt-cb-thumbnail\" style=\"background-image: url('https:\/\/tierpark-riesa.de\/wp-content\/uploads\/borlabs-cookie\/1\/brlbs-cb-google-maps-main.png')\"><\/div> <div class=\"brlbs-cmpnt-cb-main\"> <div class=\"brlbs-cmpnt-cb-content\"> <p class=\"brlbs-cmpnt-cb-description\">Sie sehen gerade einen Platzhalterinhalt von <strong>Google Maps<\/strong>. Um auf den eigentlichen Inhalt zuzugreifen, klicken Sie auf die Schaltfl\u00e4che unten. Bitte beachten Sie, dass dabei Daten an Drittanbieter weitergegeben werden.<\/p> <a class=\"brlbs-cmpnt-cb-provider-toggle\" href=\"#\" data-borlabs-cookie-show-provider-information role=\"button\">Mehr Informationen<\/a> <\/div> <div class=\"brlbs-cmpnt-cb-buttons\"> <a class=\"brlbs-cmpnt-cb-btn\" href=\"#\" data-borlabs-cookie-unblock role=\"button\">Inhalt entsperren<\/a> <a class=\"brlbs-cmpnt-cb-btn\" href=\"#\" data-borlabs-cookie-accept-service role=\"button\" style=\"display: inherit\">Erforderlichen Service akzeptieren und Inhalte entsperren<\/a> <\/div> <\/div> <\/div><\/div>\n\t\t<\/div>\n\t\t\t\t\t\t<\/div>\n\t\t\t\t<\/div>\n\t\t\t\t\t<\/div>\n\t\t<\/div>\n\t\t\t\t\t<\/div>\n\t\t<\/section>\n\t\t\t\t<section class=\"elementor-section elementor-top-section elementor-element elementor-element-dc49dfa elementor-section-boxed elementor-section-height-default elementor-section-height-default\" data-id=\"dc49dfa\" data-element_type=\"section\">\n\t\t\t\t\t\t<div class=\"elementor-container elementor-column-gap-default\">\n\t\t\t\t\t<div class=\"elementor-column elementor-col-33 elementor-top-column elementor-element elementor-element-1670505\" data-id=\"1670505\" data-element_type=\"column\">\n\t\t\t<div class=\"elementor-widget-wrap elementor-element-populated\">\n\t\t\t\t\t\t<div class=\"elementor-element elementor-element-92da9cb elementor-position-left elementor-view-default elementor-mobile-position-top elementor-vertical-align-top elementor-widget elementor-widget-icon-box\" data-id=\"92da9cb\" data-element_type=\"widget\" data-widget_type=\"icon-box.default\">\n\t\t\t\t<div class=\"elementor-widget-container\">\n\t\t\t\t\t\t\t<div class=\"elementor-icon-box-wrapper\">\n\n\t\t\t\t\t\t<div class=\"elementor-icon-box-icon\">\n\t\t\t\t<span  class=\"elementor-icon\">\n\t\t\t\t<i aria-hidden=\"true\" class=\"fas fa-bus\"><\/i>\t\t\t\t<\/span>\n\t\t\t<\/div>\n\t\t\t\n\t\t\t\t\t\t<div class=\"elementor-icon-box-content\">\n\n\t\t\t\t\t\t\t\t\t<h2 class=\"elementor-icon-box-title\">\n\t\t\t\t\t\t<span  >\n\t\t\t\t\t\t\tMit Bahn &amp; Bus\t\t\t\t\t\t<\/span>\n\t\t\t\t\t<\/h2>\n\t\t\t\t\n\t\t\t\t\t\t\t\t\t<p class=\"elementor-icon-box-description\">\n\t\t\t\t\t\tDer Bahnhof Riesa liegt an der Bahnstrecke Leipzig-Dresden.<br>Sie k\u00f6nnen mehrmals pro Stunde mit dem Regionalzug oder Fernzug anreisen.<br>Die Fahrt dauert etwa 30 Minuten aus beiden Richtungen. <br><br> Vom Bahnhof Riesa fahren alle 10 Minuten Busse zur Haltestelle Goethestra\u00dfe.<br>Die Fahrt dauert 7 Minuten.<br>Die Haltestelle Goethestra\u00dfe ist 200 Meter vom Tierpark entfernt.  <br><br> Sie k\u00f6nnen vom Bahnhof Riesa auch zu Fu\u00df zum Tierpark gehen.<br>Der Weg dauert etwa 30 Minuten.<br>Die Entfernung betr\u00e4gt 2,3 Kilometer.<br>Sie k\u00f6nnen dabei einen kleinen Spaziergang durch die Fu\u00dfg\u00e4ngerzone machen.   \t\t\t\t\t<\/p>\n\t\t\t\t\n\t\t\t<\/div>\n\t\t\t\n\t\t<\/div>\n\t\t\t\t\t\t<\/div>\n\t\t\t\t<\/div>\n\t\t\t\t\t<\/div>\n\t\t<\/div>\n\t\t\t\t<div class=\"elementor-column elementor-col-33 elementor-top-column elementor-element elementor-element-6c87b7d\" data-id=\"6c87b7d\" data-element_type=\"column\">\n\t\t\t<div class=\"elementor-widget-wrap elementor-element-populated\">\n\t\t\t\t\t\t<div class=\"elementor-element elementor-element-a2f8b8b elementor-position-left elementor-view-default elementor-mobile-position-top elementor-vertical-align-top elementor-widget elementor-widget-icon-box\" data-id=\"a2f8b8b\" data-element_type=\"widget\" data-widget_type=\"icon-box.default\">\n\t\t\t\t<div class=\"elementor-widget-container\">\n\t\t\t\t\t\t\t<div class=\"elementor-icon-box-wrapper\">\n\n\t\t\t\t\t\t<div class=\"elementor-icon-box-icon\">\n\t\t\t\t<span  class=\"elementor-icon\">\n\t\t\t\t<i aria-hidden=\"true\" class=\"fas fa-car-alt\"><\/i>\t\t\t\t<\/span>\n\t\t\t<\/div>\n\t\t\t\n\t\t\t\t\t\t<div class=\"elementor-icon-box-content\">\n\n\t\t\t\t\t\t\t\t\t<h2 class=\"elementor-icon-box-title\">\n\t\t\t\t\t\t<span  >\n\t\t\t\t\t\t\tMit dem PKW\t\t\t\t\t\t<\/span>\n\t\t\t\t\t<\/h2>\n\t\t\t\t\n\t\t\t\t\t\t\t\t\t<p class=\"elementor-icon-box-description\">\n\t\t\t\t\t\tAus Richtung Leipzig: Fahren Sie von der A14 an der Ausfahrt D\u00f6beln-Nord ab.<br>Folgen Sie der B169 in Richtung Riesa.<br>Aus Richtung Dresden: Fahren Sie auf der B6 in Richtung Mei\u00dfen und Riesa. \t\t\t\t\t<\/p>\n\t\t\t\t\n\t\t\t<\/div>\n\t\t\t\n\t\t<\/div>\n\t\t\t\t\t\t<\/div>\n\t\t\t\t<\/div>\n\t\t\t\t\t<\/div>\n\t\t<\/div>\n\t\t\t\t<div class=\"elementor-column elementor-col-33 elementor-top-column elementor-element elementor-element-688af54\" data-id=\"688af54\" data-element_type=\"column\">\n\t\t\t<div class=\"elementor-widget-wrap elementor-element-populated\">\n\t\t\t\t\t\t<div class=\"elementor-element elementor-element-e8f7324 elementor-position-left elementor-view-default elementor-mobile-position-top elementor-vertical-align-top elementor-widget elementor-widget-icon-box\" data-id=\"e8f7324\" data-element_type=\"widget\" data-widget_type=\"icon-box.default\">\n\t\t\t\t<div class=\"elementor-widget-container\">\n\t\t\t\t\t\t\t<div class=\"elementor-icon-box-wrapper\">\n\n\t\t\t\t\t\t<div class=\"elementor-icon-box-icon\">\n\t\t\t\t<span  class=\"elementor-icon\">\n\t\t\t\t<i aria-hidden=\"true\" class=\"fas fa-parking\"><\/i>\t\t\t\t<\/span>\n\t\t\t<\/div>\n\t\t\t\n\t\t\t\t\t\t<div class=\"elementor-icon-box-content\">\n\n\t\t\t\t\t\t\t\t\t<h2 class=\"elementor-icon-box-title\">\n\t\t\t\t\t\t<span  >\n\t\t\t\t\t\t\tParkm\u00f6glichkeiten\t\t\t\t\t\t<\/span>\n\t\t\t\t\t<\/h2>\n\t\t\t\t\n\t\t\t\t\t\t\t\t\t<p class=\"elementor-icon-box-description\">\n\t\t\t\t\t\tAuf dem Rathausplatz gibt es viele kostenlose Parkpl\u00e4tze.<br>Mittwochs und freitags bis 13 Uhr darf man dort aber nur 1 Stunde <b>mit Parkscheibe<\/b> parken.<br>An diesen Tagen k\u00f6nnen Sie auf andere Parkpl\u00e4tze ausweichen, zum Beispiel Parkplatz Goethestra\u00dfe 19.   \t\t\t\t\t<\/p>\n\t\t\t\t\n\t\t\t<\/div>\n\t\t\t\n\t\t<\/div>\n\t\t\t\t\t\t<\/div>\n\t\t\t\t<\/div>\n\t\t\t\t\t<\/div>\n\t\t<\/div>\n\t\t\t\t\t<\/div>\n\t\t<\/section>\n\t\t\t\t<\/div>\n\t\t","protected":false},"excerpt":{"rendered":"<p>Anfahrt Tierpark &amp; Kloster Riesa Adresse: Rathausplatz 101589 Riesa Der Eingang ist direkt neben der Klosterkirche am Rathausplatz. \u00d6ffnungszeiten Eintrittpreise Besucherordnung Mit dem Laden der Karte akzeptieren Sie die Datenschutzerkl\u00e4rung von Google.Mehr erfahren Karte laden Google Maps immer entsperren Mit Bahn &amp; Bus Der Bahnhof Riesa liegt an der Bahnstrecke Leipzig-Dresden.Sie k\u00f6nnen mehrmals pro Stunde [&hellip;]<\/p>\n","protected":false},"author":1,"featured_media":0,"parent":3823,"menu_order":0,"comment_status":"closed","ping_status":"closed","template":"elementor_header_footer","meta":{"inline_featured_image":false,"footnotes":""},"class_list":["post-3825","page","type-page","status-publish","hentry"],"yoast_head":"<!-- This site is optimized with the Yoast SEO plugin v25.1 - https:\/\/yoast.com\/wordpress\/plugins\/seo\/ -->\n<title>Anfahrt - Tierpark &amp; Kloster Riesa<\/title>\n<meta name=\"robots\" content=\"index, follow, max-snippet:-1, max-image-preview:large, max-video-preview:-1\" \/>\n<link rel=\"canonical\" href=\"https:\/\/tierpark-riesa.de\/de-ls\/ihr-besuch\/anfahrt\/\" \/>\n<meta property=\"og:locale\" content=\"de_DE\" \/>\n<meta property=\"og:type\" content=\"article\" \/>\n<meta property=\"og:title\" content=\"Anfahrt - Tierpark &amp; Kloster Riesa\" \/>\n<meta property=\"og:description\" content=\"Anfahrt Tierpark &amp; Kloster Riesa Adresse: Rathausplatz 101589 Riesa Der Eingang ist direkt neben der Klosterkirche am Rathausplatz. \u00d6ffnungszeiten Eintrittpreise Besucherordnung Mit dem Laden der Karte akzeptieren Sie die Datenschutzerkl\u00e4rung von Google.Mehr erfahren Karte laden Google Maps immer entsperren Mit Bahn &amp; Bus Der Bahnhof Riesa liegt an der Bahnstrecke Leipzig-Dresden.Sie k\u00f6nnen mehrmals pro Stunde [&hellip;]\" \/>\n<meta property=\"og:url\" content=\"https:\/\/tierpark-riesa.de\/de-ls\/ihr-besuch\/anfahrt\/\" \/>\n<meta property=\"og:site_name\" content=\"Tierpark &amp; Kloster Riesa\" \/>\n<meta property=\"article:modified_time\" content=\"2024-10-22T15:43:22+00:00\" \/>\n<meta property=\"og:image\" content=\"https:\/\/tierpark-riesa.de\/wp-content\/plugins\/borlabs-cookie\/assets\/images\/cb-maps.png\" \/>\n<meta name=\"twitter:card\" content=\"summary_large_image\" \/>\n<meta name=\"twitter:label1\" content=\"Est. reading time\" \/>\n\t<meta name=\"twitter:data1\" content=\"1 minute\" \/>\n<script type=\"application\/ld+json\" class=\"yoast-schema-graph\">{\"@context\":\"https:\/\/schema.org\",\"@graph\":[{\"@type\":\"WebPage\",\"@id\":\"https:\/\/tierpark-riesa.de\/de-ls\/ihr-besuch\/anfahrt\/\",\"url\":\"https:\/\/tierpark-riesa.de\/de-ls\/ihr-besuch\/anfahrt\/\",\"name\":\"Anfahrt - Tierpark &amp; Kloster Riesa\",\"isPartOf\":{\"@id\":\"https:\/\/tierpark-riesa.de\/#website\"},\"primaryImageOfPage\":{\"@id\":\"https:\/\/tierpark-riesa.de\/de-ls\/ihr-besuch\/anfahrt\/#primaryimage\"},\"image\":{\"@id\":\"https:\/\/tierpark-riesa.de\/de-ls\/ihr-besuch\/anfahrt\/#primaryimage\"},\"thumbnailUrl\":\"https:\/\/tierpark-riesa.de\/wp-content\/plugins\/borlabs-cookie\/assets\/images\/cb-maps.png\",\"datePublished\":\"2023-07-23T16:15:09+00:00\",\"dateModified\":\"2024-10-22T15:43:22+00:00\",\"breadcrumb\":{\"@id\":\"https:\/\/tierpark-riesa.de\/de-ls\/ihr-besuch\/anfahrt\/#breadcrumb\"},\"inLanguage\":\"de-LS\",\"potentialAction\":[{\"@type\":\"ReadAction\",\"target\":[\"https:\/\/tierpark-riesa.de\/de-ls\/ihr-besuch\/anfahrt\/\"]}]},{\"@type\":\"ImageObject\",\"inLanguage\":\"de-LS\",\"@id\":\"https:\/\/tierpark-riesa.de\/de-ls\/ihr-besuch\/anfahrt\/#primaryimage\",\"url\":\"https:\/\/tierpark-riesa.de\/wp-content\/plugins\/borlabs-cookie\/assets\/images\/cb-maps.png\",\"contentUrl\":\"https:\/\/tierpark-riesa.de\/wp-content\/plugins\/borlabs-cookie\/assets\/images\/cb-maps.png\"},{\"@type\":\"BreadcrumbList\",\"@id\":\"https:\/\/tierpark-riesa.de\/de-ls\/ihr-besuch\/anfahrt\/#breadcrumb\",\"itemListElement\":[{\"@type\":\"ListItem\",\"position\":1,\"name\":\"Startseite\",\"item\":\"https:\/\/tierpark-riesa.de\/de-ls\/startseite-2\/\"},{\"@type\":\"ListItem\",\"position\":2,\"name\":\"Ihr Besuch\",\"item\":\"https:\/\/tierpark-riesa.de\/de-ls\/ihr-besuch\/\"},{\"@type\":\"ListItem\",\"position\":3,\"name\":\"Anfahrt\"}]},{\"@type\":\"WebSite\",\"@id\":\"https:\/\/tierpark-riesa.de\/#website\",\"url\":\"https:\/\/tierpark-riesa.de\/\",\"name\":\"Tierpark &amp; Kloster Riesa\",\"description\":\"Natur erleben - Tiere entdecken an 365 Tagen im Jahr. 400 Tiere in 75 ausgew\u00e4hlten Arten und Rassen im Tierpark Riesa.\",\"publisher\":{\"@id\":\"https:\/\/tierpark-riesa.de\/#organization\"},\"potentialAction\":[{\"@type\":\"SearchAction\",\"target\":{\"@type\":\"EntryPoint\",\"urlTemplate\":\"https:\/\/tierpark-riesa.de\/?s={search_term_string}\"},\"query-input\":{\"@type\":\"PropertyValueSpecification\",\"valueRequired\":true,\"valueName\":\"search_term_string\"}}],\"inLanguage\":\"de-LS\"},{\"@type\":\"Organization\",\"@id\":\"https:\/\/tierpark-riesa.de\/#organization\",\"name\":\"FVG Riesa mbH\",\"url\":\"https:\/\/tierpark-riesa.de\/\",\"logo\":{\"@type\":\"ImageObject\",\"inLanguage\":\"de-LS\",\"@id\":\"https:\/\/tierpark-riesa.de\/#\/schema\/logo\/image\/\",\"url\":\"https:\/\/tierpark-riesa.de\/wp-content\/uploads\/2022\/01\/FVG_logo_claim_4c.png\",\"contentUrl\":\"https:\/\/tierpark-riesa.de\/wp-content\/uploads\/2022\/01\/FVG_logo_claim_4c.png\",\"width\":750,\"height\":265,\"caption\":\"FVG Riesa mbH\"},\"image\":{\"@id\":\"https:\/\/tierpark-riesa.de\/#\/schema\/logo\/image\/\"}}]}<\/script>\n<!-- \/ Yoast SEO plugin. -->","yoast_head_json":{"title":"Anfahrt - Tierpark &amp; Kloster Riesa","robots":{"index":"index","follow":"follow","max-snippet":"max-snippet:-1","max-image-preview":"max-image-preview:large","max-video-preview":"max-video-preview:-1"},"canonical":"https:\/\/tierpark-riesa.de\/de-ls\/ihr-besuch\/anfahrt\/","og_locale":"de_DE","og_type":"article","og_title":"Anfahrt - Tierpark &amp; Kloster Riesa","og_description":"Anfahrt Tierpark &amp; Kloster Riesa Adresse: Rathausplatz 101589 Riesa Der Eingang ist direkt neben der Klosterkirche am Rathausplatz. \u00d6ffnungszeiten Eintrittpreise Besucherordnung Mit dem Laden der Karte akzeptieren Sie die Datenschutzerkl\u00e4rung von Google.Mehr erfahren Karte laden Google Maps immer entsperren Mit Bahn &amp; Bus Der Bahnhof Riesa liegt an der Bahnstrecke Leipzig-Dresden.Sie k\u00f6nnen mehrmals pro Stunde [&hellip;]","og_url":"https:\/\/tierpark-riesa.de\/de-ls\/ihr-besuch\/anfahrt\/","og_site_name":"Tierpark &amp; Kloster Riesa","article_modified_time":"2024-10-22T15:43:22+00:00","og_image":[{"url":"https:\/\/tierpark-riesa.de\/wp-content\/plugins\/borlabs-cookie\/assets\/images\/cb-maps.png","type":"","width":"","height":""}],"twitter_card":"summary_large_image","twitter_misc":{"Est. reading time":"1 minute"},"schema":{"@context":"https:\/\/schema.org","@graph":[{"@type":"WebPage","@id":"https:\/\/tierpark-riesa.de\/de-ls\/ihr-besuch\/anfahrt\/","url":"https:\/\/tierpark-riesa.de\/de-ls\/ihr-besuch\/anfahrt\/","name":"Anfahrt - Tierpark &amp; Kloster Riesa","isPartOf":{"@id":"https:\/\/tierpark-riesa.de\/#website"},"primaryImageOfPage":{"@id":"https:\/\/tierpark-riesa.de\/de-ls\/ihr-besuch\/anfahrt\/#primaryimage"},"image":{"@id":"https:\/\/tierpark-riesa.de\/de-ls\/ihr-besuch\/anfahrt\/#primaryimage"},"thumbnailUrl":"https:\/\/tierpark-riesa.de\/wp-content\/plugins\/borlabs-cookie\/assets\/images\/cb-maps.png","datePublished":"2023-07-23T16:15:09+00:00","dateModified":"2024-10-22T15:43:22+00:00","breadcrumb":{"@id":"https:\/\/tierpark-riesa.de\/de-ls\/ihr-besuch\/anfahrt\/#breadcrumb"},"inLanguage":"de-LS","potentialAction":[{"@type":"ReadAction","target":["https:\/\/tierpark-riesa.de\/de-ls\/ihr-besuch\/anfahrt\/"]}]},{"@type":"ImageObject","inLanguage":"de-LS","@id":"https:\/\/tierpark-riesa.de\/de-ls\/ihr-besuch\/anfahrt\/#primaryimage","url":"https:\/\/tierpark-riesa.de\/wp-content\/plugins\/borlabs-cookie\/assets\/images\/cb-maps.png","contentUrl":"https:\/\/tierpark-riesa.de\/wp-content\/plugins\/borlabs-cookie\/assets\/images\/cb-maps.png"},{"@type":"BreadcrumbList","@id":"https:\/\/tierpark-riesa.de\/de-ls\/ihr-besuch\/anfahrt\/#breadcrumb","itemListElement":[{"@type":"ListItem","position":1,"name":"Startseite","item":"https:\/\/tierpark-riesa.de\/de-ls\/startseite-2\/"},{"@type":"ListItem","position":2,"name":"Ihr Besuch","item":"https:\/\/tierpark-riesa.de\/de-ls\/ihr-besuch\/"},{"@type":"ListItem","position":3,"name":"Anfahrt"}]},{"@type":"WebSite","@id":"https:\/\/tierpark-riesa.de\/#website","url":"https:\/\/tierpark-riesa.de\/","name":"Tierpark &amp; Kloster Riesa","description":"Natur erleben - Tiere entdecken an 365 Tagen im Jahr. 400 Tiere in 75 ausgew\u00e4hlten Arten und Rassen im Tierpark Riesa.","publisher":{"@id":"https:\/\/tierpark-riesa.de\/#organization"},"potentialAction":[{"@type":"SearchAction","target":{"@type":"EntryPoint","urlTemplate":"https:\/\/tierpark-riesa.de\/?s={search_term_string}"},"query-input":{"@type":"PropertyValueSpecification","valueRequired":true,"valueName":"search_term_string"}}],"inLanguage":"de-LS"},{"@type":"Organization","@id":"https:\/\/tierpark-riesa.de\/#organization","name":"FVG Riesa mbH","url":"https:\/\/tierpark-riesa.de\/","logo":{"@type":"ImageObject","inLanguage":"de-LS","@id":"https:\/\/tierpark-riesa.de\/#\/schema\/logo\/image\/","url":"https:\/\/tierpark-riesa.de\/wp-content\/uploads\/2022\/01\/FVG_logo_claim_4c.png","contentUrl":"https:\/\/tierpark-riesa.de\/wp-content\/uploads\/2022\/01\/FVG_logo_claim_4c.png","width":750,"height":265,"caption":"FVG Riesa mbH"},"image":{"@id":"https:\/\/tierpark-riesa.de\/#\/schema\/logo\/image\/"}}]}},"_links":{"self":[{"href":"https:\/\/tierpark-riesa.de\/de-ls\/wp-json\/wp\/v2\/pages\/3825","targetHints":{"allow":["GET"]}}],"collection":[{"href":"https:\/\/tierpark-riesa.de\/de-ls\/wp-json\/wp\/v2\/pages"}],"about":[{"href":"https:\/\/tierpark-riesa.de\/de-ls\/wp-json\/wp\/v2\/types\/page"}],"author":[{"embeddable":true,"href":"https:\/\/tierpark-riesa.de\/de-ls\/wp-json\/wp\/v2\/users\/1"}],"replies":[{"embeddable":true,"href":"https:\/\/tierpark-riesa.de\/de-ls\/wp-json\/wp\/v2\/comments?post=3825"}],"version-history":[{"count":3,"href":"https:\/\/tierpark-riesa.de\/de-ls\/wp-json\/wp\/v2\/pages\/3825\/revisions"}],"predecessor-version":[{"id":3909,"href":"https:\/\/tierpark-riesa.de\/de-ls\/wp-json\/wp\/v2\/pages\/3825\/revisions\/3909"}],"up":[{"embeddable":true,"href":"https:\/\/tierpark-riesa.de\/de-ls\/wp-json\/wp\/v2\/pages\/3823"}],"wp:attachment":[{"href":"https:\/\/tierpark-riesa.de\/de-ls\/wp-json\/wp\/v2\/media?parent=3825"}],"curies":[{"name":"wp","href":"https:\/\/api.w.org\/{rel}","templated":true}]}}