{"id":3827,"date":"2023-09-06T20:12:31","date_gmt":"2023-09-06T18:12:31","guid":{"rendered":"https:\/\/tierpark-riesa.de\/ihr-besuch\/besucherordnung\/"},"modified":"2024-10-15T20:48:21","modified_gmt":"2024-10-15T18:48:21","slug":"besucherordnung","status":"publish","type":"page","link":"https:\/\/tierpark-riesa.de\/de-ls\/ihr-besuch\/besucherordnung\/","title":{"rendered":"Besucherordnung"},"content":{"rendered":"\t\t<div data-elementor-type=\"wp-page\" data-elementor-id=\"3827\" class=\"elementor elementor-3827 elementor-2111\" data-elementor-post-type=\"page\">\n\t\t\t\t\t\t<section class=\"elementor-section elementor-top-section elementor-element elementor-element-3f1a4a8 elementor-section-full_width elementor-section-height-default elementor-section-height-default\" data-id=\"3f1a4a8\" data-element_type=\"section\" data-settings=\"{&quot;shape_divider_bottom&quot;:&quot;mountains&quot;}\">\n\t\t\t\t\t<div class=\"elementor-shape elementor-shape-bottom\" aria-hidden=\"true\" data-negative=\"false\">\n\t\t\t<svg xmlns=\"http:\/\/www.w3.org\/2000\/svg\" viewBox=\"0 0 1000 100\" preserveAspectRatio=\"none\">\n\t<path class=\"elementor-shape-fill\" opacity=\"0.33\" d=\"M473,67.3c-203.9,88.3-263.1-34-320.3,0C66,119.1,0,59.7,0,59.7V0h1000v59.7 c0,0-62.1,26.1-94.9,29.3c-32.8,3.3-62.8-12.3-75.8-22.1C806,49.6,745.3,8.7,694.9,4.7S492.4,59,473,67.3z\"\/>\n\t<path class=\"elementor-shape-fill\" opacity=\"0.66\" d=\"M734,67.3c-45.5,0-77.2-23.2-129.1-39.1c-28.6-8.7-150.3-10.1-254,39.1 s-91.7-34.4-149.2,0C115.7,118.3,0,39.8,0,39.8V0h1000v36.5c0,0-28.2-18.5-92.1-18.5C810.2,18.1,775.7,67.3,734,67.3z\"\/>\n\t<path class=\"elementor-shape-fill\" d=\"M766.1,28.9c-200-57.5-266,65.5-395.1,19.5C242,1.8,242,5.4,184.8,20.6C128,35.8,132.3,44.9,89.9,52.5C28.6,63.7,0,0,0,0 h1000c0,0-9.9,40.9-83.6,48.1S829.6,47,766.1,28.9z\"\/>\n<\/svg>\t\t<\/div>\n\t\t\t\t\t<div class=\"elementor-container elementor-column-gap-no\">\n\t\t\t\t\t<div class=\"elementor-column elementor-col-100 elementor-top-column elementor-element elementor-element-b668ed7\" data-id=\"b668ed7\" data-element_type=\"column\" data-settings=\"{&quot;background_background&quot;:&quot;classic&quot;}\">\n\t\t\t<div class=\"elementor-widget-wrap elementor-element-populated\">\n\t\t\t\t\t\t<div class=\"elementor-element elementor-element-251be75 elementor--h-position-right elementor--v-position-middle elementor-pagination-position-inside elementor-widget elementor-widget-slides\" data-id=\"251be75\" data-element_type=\"widget\" data-settings=\"{&quot;navigation&quot;:&quot;dots&quot;,&quot;transition&quot;:&quot;fade&quot;,&quot;autoplay&quot;:&quot;yes&quot;,&quot;pause_on_hover&quot;:&quot;yes&quot;,&quot;pause_on_interaction&quot;:&quot;yes&quot;,&quot;autoplay_speed&quot;:5000,&quot;infinite&quot;:&quot;yes&quot;,&quot;transition_speed&quot;:500}\" data-widget_type=\"slides.default\">\n\t\t\t\t<div class=\"elementor-widget-container\">\n\t\t\t\t\t\t\t\t\t<div class=\"elementor-swiper\">\n\t\t\t\t\t<div class=\"elementor-slides-wrapper elementor-main-swiper swiper\" role=\"region\" aria-roledescription=\"carousel\" aria-label=\"Slides\" dir=\"ltr\" data-animation=\"fadeInUp\">\n\t\t\t\t<div class=\"swiper-wrapper elementor-slides\">\n\t\t\t\t\t\t\t\t\t\t<div class=\"elementor-repeater-item-6f26e8c swiper-slide\" role=\"group\" aria-roledescription=\"slide\"><div class=\"swiper-slide-bg\" role=\"img\"><\/div><div class=\"swiper-slide-inner\" ><div class=\"swiper-slide-contents\"><\/div><\/div><\/div>\t\t\t\t<\/div>\n\t\t\t\t\t\t\t<\/div>\n\t\t\t\t<\/div>\n\t\t\t\t\t\t\t\t<\/div>\n\t\t\t\t<\/div>\n\t\t\t\t\t<\/div>\n\t\t<\/div>\n\t\t\t\t\t<\/div>\n\t\t<\/section>\n\t\t\t\t<section class=\"elementor-section elementor-top-section elementor-element elementor-element-ce4de92 elementor-section-boxed elementor-section-height-default elementor-section-height-default\" data-id=\"ce4de92\" data-element_type=\"section\">\n\t\t\t\t\t\t<div class=\"elementor-container elementor-column-gap-default\">\n\t\t\t\t\t<div class=\"elementor-column elementor-col-100 elementor-top-column elementor-element elementor-element-a95611c\" data-id=\"a95611c\" data-element_type=\"column\">\n\t\t\t<div class=\"elementor-widget-wrap elementor-element-populated\">\n\t\t\t\t\t\t<div class=\"elementor-element elementor-element-497f465 elementor-widget elementor-widget-heading\" data-id=\"497f465\" data-element_type=\"widget\" data-widget_type=\"heading.default\">\n\t\t\t\t<div class=\"elementor-widget-container\">\n\t\t\t\t\t<h1 class=\"elementor-heading-title elementor-size-default\">Unsere Besucherordnung<\/h1>\t\t\t\t<\/div>\n\t\t\t\t<\/div>\n\t\t\t\t\t<\/div>\n\t\t<\/div>\n\t\t\t\t\t<\/div>\n\t\t<\/section>\n\t\t\t\t<section class=\"elementor-section elementor-top-section elementor-element elementor-element-c51d23b elementor-section-boxed elementor-section-height-default elementor-section-height-default\" data-id=\"c51d23b\" data-element_type=\"section\">\n\t\t\t\t\t\t<div class=\"elementor-container elementor-column-gap-default\">\n\t\t\t\t\t<div class=\"elementor-column elementor-col-100 elementor-top-column elementor-element elementor-element-eb4566d\" data-id=\"eb4566d\" data-element_type=\"column\">\n\t\t\t<div class=\"elementor-widget-wrap elementor-element-populated\">\n\t\t\t\t\t\t<div class=\"elementor-element elementor-element-b9f35e3 elementor-widget elementor-widget-shortcode\" data-id=\"b9f35e3\" data-element_type=\"widget\" data-widget_type=\"shortcode.default\">\n\t\t\t\t<div class=\"elementor-widget-container\">\n\t\t\t\t\t\t\t<div class=\"elementor-shortcode\">\t\t<div data-elementor-type=\"section\" data-elementor-id=\"3877\" class=\"elementor elementor-3877 elementor-2114\" data-elementor-post-type=\"elementor_library\">\n\t\t\t\t\t<section class=\"elementor-section elementor-top-section elementor-element elementor-element-54b8079 elementor-section-boxed elementor-section-height-default elementor-section-height-default\" data-id=\"54b8079\" data-element_type=\"section\">\n\t\t\t\t\t\t<div class=\"elementor-container elementor-column-gap-default\">\n\t\t\t\t\t<div class=\"elementor-column elementor-col-100 elementor-top-column elementor-element elementor-element-cb99834\" data-id=\"cb99834\" data-element_type=\"column\">\n\t\t\t<div class=\"elementor-widget-wrap elementor-element-populated\">\n\t\t\t\t\t\t<div class=\"elementor-element elementor-element-9f23a97 elementor-widget elementor-widget-text-editor\" data-id=\"9f23a97\" data-element_type=\"widget\" data-widget_type=\"text-editor.default\">\n\t\t\t\t<div class=\"elementor-widget-container\">\n\t\t\t\t\t\t\t\t\t<p><strong>Wenn Sie eine Eintrittskarte kaufen und den Tierpark betreten, stimmen Sie diesen Regeln zu:<\/strong><\/p>\n<ol>\n<li>Das F\u00fcttern der Tiere ist nicht erlaubt. Die Tiere bekommen genug und passendes Futter. Bei einigen Tieren d\u00fcrfen Sie mit Futter f\u00fcttern, das im Tierpark erh\u00e4ltlich ist. Es ist nicht erlaubt, eigenes Futter mitzubringen.\n<\/li>\n<li>Bitte verlassen Sie die Besucherwege nicht und beachten Sie die Abgrenzungen und Bereiche f\u00fcr das Personal. Die offenen Spielbereiche im Park sind eine Ausnahme. Das \u00dcbersteigen von Absperrungen ist gef\u00e4hrlich f\u00fcr die Tiere und Menschen. Daher ist das nicht erlaubt.\n<\/li>\n<li>Bitte st\u00f6ren Sie die Tiere nicht mit lauten Ger\u00e4uschen, schnellen Bewegungen oder Lampen. Auch Tiere brauchen Ruhepausen und R\u00fcckzugsm\u00f6glichkeiten. Respektieren Sie das bitte.\n<\/li>\n<li>Bitte werfen Sie keine Gegenst\u00e4nde in die Gehege oder Teiche! Tiere k\u00f6nnen sich an Gegenst\u00e4nden oder Geldm\u00fcnzen verletzen und daran sterben.\n<\/li>\n<li>Hunde sind im Tierpark erlaubt, m\u00fcssen aber an einer kurzen Leine gehalten werden. Bitte bringen Sie Ihren Hund nicht ins Kloster oder in die Spielbereiche.\n<\/li>\n<li>Das Fahren mit Fahrr\u00e4dern, Rollern, Laufr\u00e4dern, Rollschuhen, Inline-Skates, Skateboards, Scootern und \u00e4hnlichem ist aus Sicherheitsgr\u00fcnden nicht erlaubt. Bitte lassen Sie diese am Eingang des Tierparks stehen.\n<\/li>\n<li>Das Spielen mit B\u00e4llen, Frisbee-Scheiben oder Ballons ist nicht erlaubt.\n<\/li>\n<li>Gehen Sie vorsichtig mit allen Spielen und Spielger\u00e4ten im Tierpark um. Wenn etwas kaputtgeht, informieren Sie bitte sofort das Tierparkpersonal.\n<\/li>\n<li>Auf dem Spielplatz d\u00fcrfen Sie keine Helme oder Kleidung mit langen Kordeln um den Hals tragen. Das ist zu Ihrer eigenen Sicherheit.\n<\/li>\n<li>Achten Sie auf die Hygieneregeln: Waschen Sie sich die H\u00e4nde, nachdem Sie Tiere ber\u00fchrt haben. Wenn n\u00f6tig, tragen Sie eine Schutzmaske (sehen Sie dazu die Schilder). Bitte halten Sie die Sanit\u00e4ranlagen sauber und verlassen Sie diese so, wie Sie sie vorgefunden haben.\n<\/li>\n<li>Bitte werfen Sie Ihren M\u00fcll nur in die daf\u00fcr vorgesehenen Abfalleimer. Helfen Sie mit, den Tierpark sauber zu halten.\n<\/li>\n<li>Kinder unter 10 Jahren d\u00fcrfen nur mit einem Erwachsenen im Tierpark sein. Erwachsene m\u00fcssen auf die Kinder aufpassen und d\u00fcrfen sie nicht aus den Augen lassen. So kann im Notfall schnell geholfen werden. Eltern sind verantwortlich f\u00fcr ihre Kinder!\n<\/li>\n<li>Sie d\u00fcrfen im Tierpark f\u00fcr private Zwecke filmen und fotografieren, aber ohne Blitzlicht. Achten Sie dabei bitte auf die anderen Besucher. Wenn Sie f\u00fcr gewerbliche Zwecke aufnehmen m\u00f6chten, m\u00fcssen Sie vorher die Erlaubnis der Tierparkleitung einholen.\n<\/li>\n<li>Bitte befolgen Sie unbedingt die Anweisungen des Personals im Tierpark! Wenn Sie das nicht tun, k\u00f6nnen Sie vom Gel\u00e4nde verwiesen werden. Wenn Sie absichtlich oder aus Versehen gegen die Regeln versto\u00dfen und dadurch jemandem oder dem Tierpark Riesa Schaden entsteht, sind Sie daf\u00fcr verantwortlich.  <\/li>\n<\/ol>\n<p><strong>Hunde an der Leine gef\u00fchrt sind erlaubt.<\/strong><\/p><\/p>\n\t\t\t\t\t\t\t\t<\/div>\n\t\t\t\t<\/div>\n\t\t\t\t\t<\/div>\n\t\t<\/div>\n\t\t\t\t\t<\/div>\n\t\t<\/section>\n\t\t\t\t<\/div>\n\t\t<\/div>\n\t\t\t\t\t\t<\/div>\n\t\t\t\t<\/div>\n\t\t\t\t\t<\/div>\n\t\t<\/div>\n\t\t\t\t\t<\/div>\n\t\t<\/section>\n\t\t\t\t<\/div>\n\t\t","protected":false},"excerpt":{"rendered":"<p>Unsere Besucherordnung<\/p>\n","protected":false},"author":1,"featured_media":0,"parent":3823,"menu_order":0,"comment_status":"closed","ping_status":"closed","template":"elementor_header_footer","meta":{"inline_featured_image":false,"footnotes":""},"class_list":["post-3827","page","type-page","status-publish","hentry"],"yoast_head":"<!-- This site is optimized with the Yoast SEO plugin v25.1 - https:\/\/yoast.com\/wordpress\/plugins\/seo\/ -->\n<title>Besucherordnung - Tierpark &amp; Kloster Riesa<\/title>\n<meta name=\"robots\" content=\"index, follow, max-snippet:-1, max-image-preview:large, max-video-preview:-1\" \/>\n<link rel=\"canonical\" href=\"https:\/\/tierpark-riesa.de\/de-ls\/ihr-besuch\/besucherordnung\/\" \/>\n<meta property=\"og:locale\" content=\"de_DE\" \/>\n<meta property=\"og:type\" content=\"article\" \/>\n<meta property=\"og:title\" content=\"Besucherordnung - Tierpark &amp; Kloster Riesa\" \/>\n<meta property=\"og:description\" content=\"Unsere Besucherordnung\" \/>\n<meta property=\"og:url\" content=\"https:\/\/tierpark-riesa.de\/de-ls\/ihr-besuch\/besucherordnung\/\" \/>\n<meta property=\"og:site_name\" content=\"Tierpark &amp; Kloster Riesa\" \/>\n<meta property=\"article:modified_time\" content=\"2024-10-15T18:48:21+00:00\" \/>\n<meta name=\"twitter:card\" content=\"summary_large_image\" \/>\n<script type=\"application\/ld+json\" class=\"yoast-schema-graph\">{\"@context\":\"https:\/\/schema.org\",\"@graph\":[{\"@type\":\"WebPage\",\"@id\":\"https:\/\/tierpark-riesa.de\/de-ls\/ihr-besuch\/besucherordnung\/\",\"url\":\"https:\/\/tierpark-riesa.de\/de-ls\/ihr-besuch\/besucherordnung\/\",\"name\":\"Besucherordnung - Tierpark &amp; Kloster Riesa\",\"isPartOf\":{\"@id\":\"https:\/\/tierpark-riesa.de\/#website\"},\"datePublished\":\"2023-09-06T18:12:31+00:00\",\"dateModified\":\"2024-10-15T18:48:21+00:00\",\"breadcrumb\":{\"@id\":\"https:\/\/tierpark-riesa.de\/de-ls\/ihr-besuch\/besucherordnung\/#breadcrumb\"},\"inLanguage\":\"de-LS\",\"potentialAction\":[{\"@type\":\"ReadAction\",\"target\":[\"https:\/\/tierpark-riesa.de\/de-ls\/ihr-besuch\/besucherordnung\/\"]}]},{\"@type\":\"BreadcrumbList\",\"@id\":\"https:\/\/tierpark-riesa.de\/de-ls\/ihr-besuch\/besucherordnung\/#breadcrumb\",\"itemListElement\":[{\"@type\":\"ListItem\",\"position\":1,\"name\":\"Startseite\",\"item\":\"https:\/\/tierpark-riesa.de\/de-ls\/startseite-2\/\"},{\"@type\":\"ListItem\",\"position\":2,\"name\":\"Ihr Besuch\",\"item\":\"https:\/\/tierpark-riesa.de\/de-ls\/ihr-besuch\/\"},{\"@type\":\"ListItem\",\"position\":3,\"name\":\"Besucherordnung\"}]},{\"@type\":\"WebSite\",\"@id\":\"https:\/\/tierpark-riesa.de\/#website\",\"url\":\"https:\/\/tierpark-riesa.de\/\",\"name\":\"Tierpark &amp; Kloster Riesa\",\"description\":\"Natur erleben - Tiere entdecken an 365 Tagen im Jahr. 400 Tiere in 75 ausgew\u00e4hlten Arten und Rassen im Tierpark Riesa.\",\"publisher\":{\"@id\":\"https:\/\/tierpark-riesa.de\/#organization\"},\"potentialAction\":[{\"@type\":\"SearchAction\",\"target\":{\"@type\":\"EntryPoint\",\"urlTemplate\":\"https:\/\/tierpark-riesa.de\/?s={search_term_string}\"},\"query-input\":{\"@type\":\"PropertyValueSpecification\",\"valueRequired\":true,\"valueName\":\"search_term_string\"}}],\"inLanguage\":\"de-LS\"},{\"@type\":\"Organization\",\"@id\":\"https:\/\/tierpark-riesa.de\/#organization\",\"name\":\"FVG Riesa mbH\",\"url\":\"https:\/\/tierpark-riesa.de\/\",\"logo\":{\"@type\":\"ImageObject\",\"inLanguage\":\"de-LS\",\"@id\":\"https:\/\/tierpark-riesa.de\/#\/schema\/logo\/image\/\",\"url\":\"https:\/\/tierpark-riesa.de\/wp-content\/uploads\/2022\/01\/FVG_logo_claim_4c.png\",\"contentUrl\":\"https:\/\/tierpark-riesa.de\/wp-content\/uploads\/2022\/01\/FVG_logo_claim_4c.png\",\"width\":750,\"height\":265,\"caption\":\"FVG Riesa mbH\"},\"image\":{\"@id\":\"https:\/\/tierpark-riesa.de\/#\/schema\/logo\/image\/\"}}]}<\/script>\n<!-- \/ Yoast SEO plugin. -->","yoast_head_json":{"title":"Besucherordnung - Tierpark &amp; Kloster Riesa","robots":{"index":"index","follow":"follow","max-snippet":"max-snippet:-1","max-image-preview":"max-image-preview:large","max-video-preview":"max-video-preview:-1"},"canonical":"https:\/\/tierpark-riesa.de\/de-ls\/ihr-besuch\/besucherordnung\/","og_locale":"de_DE","og_type":"article","og_title":"Besucherordnung - Tierpark &amp; Kloster Riesa","og_description":"Unsere Besucherordnung","og_url":"https:\/\/tierpark-riesa.de\/de-ls\/ihr-besuch\/besucherordnung\/","og_site_name":"Tierpark &amp; Kloster Riesa","article_modified_time":"2024-10-15T18:48:21+00:00","twitter_card":"summary_large_image","schema":{"@context":"https:\/\/schema.org","@graph":[{"@type":"WebPage","@id":"https:\/\/tierpark-riesa.de\/de-ls\/ihr-besuch\/besucherordnung\/","url":"https:\/\/tierpark-riesa.de\/de-ls\/ihr-besuch\/besucherordnung\/","name":"Besucherordnung - Tierpark &amp; Kloster Riesa","isPartOf":{"@id":"https:\/\/tierpark-riesa.de\/#website"},"datePublished":"2023-09-06T18:12:31+00:00","dateModified":"2024-10-15T18:48:21+00:00","breadcrumb":{"@id":"https:\/\/tierpark-riesa.de\/de-ls\/ihr-besuch\/besucherordnung\/#breadcrumb"},"inLanguage":"de-LS","potentialAction":[{"@type":"ReadAction","target":["https:\/\/tierpark-riesa.de\/de-ls\/ihr-besuch\/besucherordnung\/"]}]},{"@type":"BreadcrumbList","@id":"https:\/\/tierpark-riesa.de\/de-ls\/ihr-besuch\/besucherordnung\/#breadcrumb","itemListElement":[{"@type":"ListItem","position":1,"name":"Startseite","item":"https:\/\/tierpark-riesa.de\/de-ls\/startseite-2\/"},{"@type":"ListItem","position":2,"name":"Ihr Besuch","item":"https:\/\/tierpark-riesa.de\/de-ls\/ihr-besuch\/"},{"@type":"ListItem","position":3,"name":"Besucherordnung"}]},{"@type":"WebSite","@id":"https:\/\/tierpark-riesa.de\/#website","url":"https:\/\/tierpark-riesa.de\/","name":"Tierpark &amp; Kloster Riesa","description":"Natur erleben - Tiere entdecken an 365 Tagen im Jahr. 400 Tiere in 75 ausgew\u00e4hlten Arten und Rassen im Tierpark Riesa.","publisher":{"@id":"https:\/\/tierpark-riesa.de\/#organization"},"potentialAction":[{"@type":"SearchAction","target":{"@type":"EntryPoint","urlTemplate":"https:\/\/tierpark-riesa.de\/?s={search_term_string}"},"query-input":{"@type":"PropertyValueSpecification","valueRequired":true,"valueName":"search_term_string"}}],"inLanguage":"de-LS"},{"@type":"Organization","@id":"https:\/\/tierpark-riesa.de\/#organization","name":"FVG Riesa mbH","url":"https:\/\/tierpark-riesa.de\/","logo":{"@type":"ImageObject","inLanguage":"de-LS","@id":"https:\/\/tierpark-riesa.de\/#\/schema\/logo\/image\/","url":"https:\/\/tierpark-riesa.de\/wp-content\/uploads\/2022\/01\/FVG_logo_claim_4c.png","contentUrl":"https:\/\/tierpark-riesa.de\/wp-content\/uploads\/2022\/01\/FVG_logo_claim_4c.png","width":750,"height":265,"caption":"FVG Riesa mbH"},"image":{"@id":"https:\/\/tierpark-riesa.de\/#\/schema\/logo\/image\/"}}]}},"_links":{"self":[{"href":"https:\/\/tierpark-riesa.de\/de-ls\/wp-json\/wp\/v2\/pages\/3827","targetHints":{"allow":["GET"]}}],"collection":[{"href":"https:\/\/tierpark-riesa.de\/de-ls\/wp-json\/wp\/v2\/pages"}],"about":[{"href":"https:\/\/tierpark-riesa.de\/de-ls\/wp-json\/wp\/v2\/types\/page"}],"author":[{"embeddable":true,"href":"https:\/\/tierpark-riesa.de\/de-ls\/wp-json\/wp\/v2\/users\/1"}],"replies":[{"embeddable":true,"href":"https:\/\/tierpark-riesa.de\/de-ls\/wp-json\/wp\/v2\/comments?post=3827"}],"version-history":[{"count":3,"href":"https:\/\/tierpark-riesa.de\/de-ls\/wp-json\/wp\/v2\/pages\/3827\/revisions"}],"predecessor-version":[{"id":3866,"href":"https:\/\/tierpark-riesa.de\/de-ls\/wp-json\/wp\/v2\/pages\/3827\/revisions\/3866"}],"up":[{"embeddable":true,"href":"https:\/\/tierpark-riesa.de\/de-ls\/wp-json\/wp\/v2\/pages\/3823"}],"wp:attachment":[{"href":"https:\/\/tierpark-riesa.de\/de-ls\/wp-json\/wp\/v2\/media?parent=3827"}],"curies":[{"name":"wp","href":"https:\/\/api.w.org\/{rel}","templated":true}]}}