{"id":3829,"date":"2023-07-23T18:15:22","date_gmt":"2023-07-23T16:15:22","guid":{"rendered":"https:\/\/tierpark-riesa.de\/ihr-besuch\/oeffnungszeiten\/"},"modified":"2024-10-22T17:59:15","modified_gmt":"2024-10-22T15:59:15","slug":"oeffnungszeiten","status":"publish","type":"page","link":"https:\/\/tierpark-riesa.de\/de-ls\/ihr-besuch\/oeffnungszeiten\/","title":{"rendered":"\u00d6ffnungszeiten"},"content":{"rendered":"\t\t<div data-elementor-type=\"wp-page\" data-elementor-id=\"3829\" class=\"elementor elementor-3829 elementor-1312\" data-elementor-post-type=\"page\">\n\t\t\t\t\t\t<section class=\"elementor-section elementor-top-section elementor-element elementor-element-a832f97 elementor-section-full_width elementor-section-height-default elementor-section-height-default\" data-id=\"a832f97\" data-element_type=\"section\" data-settings=\"{&quot;shape_divider_bottom&quot;:&quot;mountains&quot;}\">\n\t\t\t\t\t<div class=\"elementor-shape elementor-shape-bottom\" aria-hidden=\"true\" data-negative=\"false\">\n\t\t\t<svg xmlns=\"http:\/\/www.w3.org\/2000\/svg\" viewBox=\"0 0 1000 100\" preserveAspectRatio=\"none\">\n\t<path class=\"elementor-shape-fill\" opacity=\"0.33\" d=\"M473,67.3c-203.9,88.3-263.1-34-320.3,0C66,119.1,0,59.7,0,59.7V0h1000v59.7 c0,0-62.1,26.1-94.9,29.3c-32.8,3.3-62.8-12.3-75.8-22.1C806,49.6,745.3,8.7,694.9,4.7S492.4,59,473,67.3z\"\/>\n\t<path class=\"elementor-shape-fill\" opacity=\"0.66\" d=\"M734,67.3c-45.5,0-77.2-23.2-129.1-39.1c-28.6-8.7-150.3-10.1-254,39.1 s-91.7-34.4-149.2,0C115.7,118.3,0,39.8,0,39.8V0h1000v36.5c0,0-28.2-18.5-92.1-18.5C810.2,18.1,775.7,67.3,734,67.3z\"\/>\n\t<path class=\"elementor-shape-fill\" d=\"M766.1,28.9c-200-57.5-266,65.5-395.1,19.5C242,1.8,242,5.4,184.8,20.6C128,35.8,132.3,44.9,89.9,52.5C28.6,63.7,0,0,0,0 h1000c0,0-9.9,40.9-83.6,48.1S829.6,47,766.1,28.9z\"\/>\n<\/svg>\t\t<\/div>\n\t\t\t\t\t<div class=\"elementor-container elementor-column-gap-no\">\n\t\t\t\t\t<div class=\"elementor-column elementor-col-100 elementor-top-column elementor-element elementor-element-e93cb77\" data-id=\"e93cb77\" data-element_type=\"column\" data-settings=\"{&quot;background_background&quot;:&quot;classic&quot;}\">\n\t\t\t<div class=\"elementor-widget-wrap elementor-element-populated\">\n\t\t\t\t\t\t<div class=\"elementor-element elementor-element-524a522 elementor--h-position-right elementor--v-position-middle elementor-pagination-position-inside elementor-widget elementor-widget-slides\" data-id=\"524a522\" data-element_type=\"widget\" data-settings=\"{&quot;navigation&quot;:&quot;dots&quot;,&quot;transition&quot;:&quot;fade&quot;,&quot;autoplay&quot;:&quot;yes&quot;,&quot;pause_on_hover&quot;:&quot;yes&quot;,&quot;pause_on_interaction&quot;:&quot;yes&quot;,&quot;autoplay_speed&quot;:5000,&quot;infinite&quot;:&quot;yes&quot;,&quot;transition_speed&quot;:500}\" data-widget_type=\"slides.default\">\n\t\t\t\t<div class=\"elementor-widget-container\">\n\t\t\t\t\t\t\t\t\t<div class=\"elementor-swiper\">\n\t\t\t\t\t<div class=\"elementor-slides-wrapper elementor-main-swiper swiper\" role=\"region\" aria-roledescription=\"carousel\" aria-label=\"Slides\" dir=\"ltr\" data-animation=\"fadeInUp\">\n\t\t\t\t<div class=\"swiper-wrapper elementor-slides\">\n\t\t\t\t\t\t\t\t\t\t<div class=\"elementor-repeater-item-6f26e8c swiper-slide\" role=\"group\" aria-roledescription=\"slide\"><div class=\"swiper-slide-bg\" role=\"img\"><\/div><div class=\"swiper-slide-inner\" ><div class=\"swiper-slide-contents\"><\/div><\/div><\/div>\t\t\t\t<\/div>\n\t\t\t\t\t\t\t<\/div>\n\t\t\t\t<\/div>\n\t\t\t\t\t\t\t\t<\/div>\n\t\t\t\t<\/div>\n\t\t\t\t\t<\/div>\n\t\t<\/div>\n\t\t\t\t\t<\/div>\n\t\t<\/section>\n\t\t\t\t<section class=\"elementor-section elementor-top-section elementor-element elementor-element-1c7d43c elementor-section-boxed elementor-section-height-default elementor-section-height-default\" data-id=\"1c7d43c\" data-element_type=\"section\">\n\t\t\t\t\t\t<div class=\"elementor-container elementor-column-gap-default\">\n\t\t\t\t\t<div class=\"elementor-column elementor-col-100 elementor-top-column elementor-element elementor-element-68afdf5\" data-id=\"68afdf5\" data-element_type=\"column\">\n\t\t\t<div class=\"elementor-widget-wrap elementor-element-populated\">\n\t\t\t\t\t\t<div class=\"elementor-element elementor-element-2917a4b elementor-widget elementor-widget-heading\" data-id=\"2917a4b\" data-element_type=\"widget\" data-widget_type=\"heading.default\">\n\t\t\t\t<div class=\"elementor-widget-container\">\n\t\t\t\t\t<h1 class=\"elementor-heading-title elementor-size-default\">Unsere \u00d6ffnungszeiten<\/h1>\t\t\t\t<\/div>\n\t\t\t\t<\/div>\n\t\t\t\t\t<\/div>\n\t\t<\/div>\n\t\t\t\t\t<\/div>\n\t\t<\/section>\n\t\t\t\t<section class=\"elementor-section elementor-top-section elementor-element elementor-element-eade79b elementor-section-boxed elementor-section-height-default elementor-section-height-default\" data-id=\"eade79b\" data-element_type=\"section\">\n\t\t\t\t\t\t<div class=\"elementor-container elementor-column-gap-default\">\n\t\t\t\t\t<div class=\"elementor-column elementor-col-100 elementor-top-column elementor-element elementor-element-03b8f88\" data-id=\"03b8f88\" data-element_type=\"column\" data-settings=\"{&quot;background_background&quot;:&quot;classic&quot;}\">\n\t\t\t<div class=\"elementor-widget-wrap elementor-element-populated\">\n\t\t\t\t\t\t<div class=\"elementor-element elementor-element-8de4e2c elementor-widget elementor-widget-heading\" data-id=\"8de4e2c\" data-element_type=\"widget\" data-widget_type=\"heading.default\">\n\t\t\t\t<div class=\"elementor-widget-container\">\n\t\t\t\t\t<h2 class=\"elementor-heading-title elementor-size-default\">Der Tierpark hat 365 Tage im Jahr ge\u00f6ffnet!<\/h2>\t\t\t\t<\/div>\n\t\t\t\t<\/div>\n\t\t\t\t<div class=\"elementor-element elementor-element-ca95e2e elementor-widget elementor-widget-text-editor\" data-id=\"ca95e2e\" data-element_type=\"widget\" data-widget_type=\"text-editor.default\">\n\t\t\t\t<div class=\"elementor-widget-container\">\n\t\t\t\t\t\t\t\t\t<p>Der letzte Einlass ist 30 Minuten vor der Schlie\u00dfung<span class=\"Apple-converted-space\">.<\/span><\/p>\n\t\t\t\t\t\t\t\t<\/div>\n\t\t\t\t<\/div>\n\t\t\t\t\t<\/div>\n\t\t<\/div>\n\t\t\t\t\t<\/div>\n\t\t<\/section>\n\t\t\t\t<section class=\"elementor-section elementor-top-section elementor-element elementor-element-dd20253 elementor-section-boxed elementor-section-height-default elementor-section-height-default\" data-id=\"dd20253\" data-element_type=\"section\">\n\t\t\t\t\t\t<div class=\"elementor-container elementor-column-gap-no\">\n\t\t\t\t\t<div class=\"elementor-column elementor-col-50 elementor-top-column elementor-element elementor-element-020b0d9\" data-id=\"020b0d9\" data-element_type=\"column\" data-settings=\"{&quot;background_background&quot;:&quot;classic&quot;}\">\n\t\t\t<div class=\"elementor-widget-wrap elementor-element-populated\">\n\t\t\t\t\t\t<div class=\"elementor-element elementor-element-c193603 elementor-widget elementor-widget-heading\" data-id=\"c193603\" data-element_type=\"widget\" data-widget_type=\"heading.default\">\n\t\t\t\t<div class=\"elementor-widget-container\">\n\t\t\t\t\t<div class=\"elementor-heading-title elementor-size-medium\">April - September<\/div>\t\t\t\t<\/div>\n\t\t\t\t<\/div>\n\t\t\t\t\t<\/div>\n\t\t<\/div>\n\t\t\t\t<div class=\"elementor-column elementor-col-50 elementor-top-column elementor-element elementor-element-fddd6a7\" data-id=\"fddd6a7\" data-element_type=\"column\" data-settings=\"{&quot;background_background&quot;:&quot;classic&quot;}\">\n\t\t\t<div class=\"elementor-widget-wrap elementor-element-populated\">\n\t\t\t\t\t\t<div class=\"elementor-element elementor-element-10d16e5 elementor-widget elementor-widget-heading\" data-id=\"10d16e5\" data-element_type=\"widget\" data-widget_type=\"heading.default\">\n\t\t\t\t<div class=\"elementor-widget-container\">\n\t\t\t\t\t<div class=\"elementor-heading-title elementor-size-medium\">10:00 \u2013 18:00 Uhr<\/div>\t\t\t\t<\/div>\n\t\t\t\t<\/div>\n\t\t\t\t\t<\/div>\n\t\t<\/div>\n\t\t\t\t\t<\/div>\n\t\t<\/section>\n\t\t\t\t<section class=\"elementor-section elementor-top-section elementor-element elementor-element-2d24da6 elementor-section-boxed elementor-section-height-default elementor-section-height-default\" data-id=\"2d24da6\" data-element_type=\"section\">\n\t\t\t\t\t\t<div class=\"elementor-container elementor-column-gap-no\">\n\t\t\t\t\t<div class=\"elementor-column elementor-col-50 elementor-top-column elementor-element elementor-element-8600d1b\" data-id=\"8600d1b\" data-element_type=\"column\" data-settings=\"{&quot;background_background&quot;:&quot;classic&quot;}\">\n\t\t\t<div class=\"elementor-widget-wrap elementor-element-populated\">\n\t\t\t\t\t\t<div class=\"elementor-element elementor-element-284a490 elementor-widget elementor-widget-heading\" data-id=\"284a490\" data-element_type=\"widget\" data-widget_type=\"heading.default\">\n\t\t\t\t<div class=\"elementor-widget-container\">\n\t\t\t\t\t<div class=\"elementor-heading-title elementor-size-medium\">Oktober<\/div>\t\t\t\t<\/div>\n\t\t\t\t<\/div>\n\t\t\t\t\t<\/div>\n\t\t<\/div>\n\t\t\t\t<div class=\"elementor-column elementor-col-50 elementor-top-column elementor-element elementor-element-865ffc5\" data-id=\"865ffc5\" data-element_type=\"column\" data-settings=\"{&quot;background_background&quot;:&quot;classic&quot;}\">\n\t\t\t<div class=\"elementor-widget-wrap elementor-element-populated\">\n\t\t\t\t\t\t<div class=\"elementor-element elementor-element-b12fe63 elementor-widget elementor-widget-heading\" data-id=\"b12fe63\" data-element_type=\"widget\" data-widget_type=\"heading.default\">\n\t\t\t\t<div class=\"elementor-widget-container\">\n\t\t\t\t\t<div class=\"elementor-heading-title elementor-size-medium\">10:00 \u2013 17:00 Uhr<\/div>\t\t\t\t<\/div>\n\t\t\t\t<\/div>\n\t\t\t\t\t<\/div>\n\t\t<\/div>\n\t\t\t\t\t<\/div>\n\t\t<\/section>\n\t\t\t\t<section class=\"elementor-section elementor-top-section elementor-element elementor-element-c88cfda elementor-section-boxed elementor-section-height-default elementor-section-height-default\" data-id=\"c88cfda\" data-element_type=\"section\">\n\t\t\t\t\t\t<div class=\"elementor-container elementor-column-gap-no\">\n\t\t\t\t\t<div class=\"elementor-column elementor-col-50 elementor-top-column elementor-element elementor-element-90f6ade\" data-id=\"90f6ade\" data-element_type=\"column\" data-settings=\"{&quot;background_background&quot;:&quot;classic&quot;}\">\n\t\t\t<div class=\"elementor-widget-wrap elementor-element-populated\">\n\t\t\t\t\t\t<div class=\"elementor-element elementor-element-d1988f1 elementor-widget elementor-widget-heading\" data-id=\"d1988f1\" data-element_type=\"widget\" data-widget_type=\"heading.default\">\n\t\t\t\t<div class=\"elementor-widget-container\">\n\t\t\t\t\t<div class=\"elementor-heading-title elementor-size-medium\">November - Februar<\/div>\t\t\t\t<\/div>\n\t\t\t\t<\/div>\n\t\t\t\t\t<\/div>\n\t\t<\/div>\n\t\t\t\t<div class=\"elementor-column elementor-col-50 elementor-top-column elementor-element elementor-element-221994c\" data-id=\"221994c\" data-element_type=\"column\" data-settings=\"{&quot;background_background&quot;:&quot;classic&quot;}\">\n\t\t\t<div class=\"elementor-widget-wrap elementor-element-populated\">\n\t\t\t\t\t\t<div class=\"elementor-element elementor-element-ef28723 elementor-widget elementor-widget-heading\" data-id=\"ef28723\" data-element_type=\"widget\" data-widget_type=\"heading.default\">\n\t\t\t\t<div class=\"elementor-widget-container\">\n\t\t\t\t\t<div class=\"elementor-heading-title elementor-size-medium\">10:00 \u2013 16:00 Uhr<\/div>\t\t\t\t<\/div>\n\t\t\t\t<\/div>\n\t\t\t\t\t<\/div>\n\t\t<\/div>\n\t\t\t\t\t<\/div>\n\t\t<\/section>\n\t\t\t\t<section class=\"elementor-section elementor-top-section elementor-element elementor-element-0b3c819 elementor-section-boxed elementor-section-height-default elementor-section-height-default\" data-id=\"0b3c819\" data-element_type=\"section\">\n\t\t\t\t\t\t<div class=\"elementor-container elementor-column-gap-no\">\n\t\t\t\t\t<div class=\"elementor-column elementor-col-50 elementor-top-column elementor-element elementor-element-08bf0b8\" data-id=\"08bf0b8\" data-element_type=\"column\" data-settings=\"{&quot;background_background&quot;:&quot;classic&quot;}\">\n\t\t\t<div class=\"elementor-widget-wrap elementor-element-populated\">\n\t\t\t\t\t\t<div class=\"elementor-element elementor-element-422df68 elementor-widget elementor-widget-heading\" data-id=\"422df68\" data-element_type=\"widget\" data-widget_type=\"heading.default\">\n\t\t\t\t<div class=\"elementor-widget-container\">\n\t\t\t\t\t<div class=\"elementor-heading-title elementor-size-medium\">M\u00e4rz<\/div>\t\t\t\t<\/div>\n\t\t\t\t<\/div>\n\t\t\t\t\t<\/div>\n\t\t<\/div>\n\t\t\t\t<div class=\"elementor-column elementor-col-50 elementor-top-column elementor-element elementor-element-3742d10\" data-id=\"3742d10\" data-element_type=\"column\" data-settings=\"{&quot;background_background&quot;:&quot;classic&quot;}\">\n\t\t\t<div class=\"elementor-widget-wrap elementor-element-populated\">\n\t\t\t\t\t\t<div class=\"elementor-element elementor-element-9e0160b elementor-widget elementor-widget-heading\" data-id=\"9e0160b\" data-element_type=\"widget\" data-widget_type=\"heading.default\">\n\t\t\t\t<div class=\"elementor-widget-container\">\n\t\t\t\t\t<div class=\"elementor-heading-title elementor-size-medium\">10:00 - 17:00 Uhr<\/div>\t\t\t\t<\/div>\n\t\t\t\t<\/div>\n\t\t\t\t\t<\/div>\n\t\t<\/div>\n\t\t\t\t\t<\/div>\n\t\t<\/section>\n\t\t\t\t<section class=\"elementor-section elementor-top-section elementor-element elementor-element-eb36c75 elementor-section-boxed elementor-section-height-default elementor-section-height-default\" data-id=\"eb36c75\" data-element_type=\"section\">\n\t\t\t\t\t\t<div class=\"elementor-container elementor-column-gap-default\">\n\t\t\t\t\t<div class=\"elementor-column elementor-col-50 elementor-top-column elementor-element elementor-element-e98300a\" data-id=\"e98300a\" data-element_type=\"column\">\n\t\t\t<div class=\"elementor-widget-wrap elementor-element-populated\">\n\t\t\t\t\t\t<div class=\"elementor-element elementor-element-a0d26a5 elementor-align-justify elementor-widget elementor-widget-button\" data-id=\"a0d26a5\" data-element_type=\"widget\" data-widget_type=\"button.default\">\n\t\t\t\t<div class=\"elementor-widget-container\">\n\t\t\t\t\t\t\t\t\t<div class=\"elementor-button-wrapper\">\n\t\t\t\t\t<a class=\"elementor-button elementor-button-link elementor-size-md\" href=\"https:\/\/tierpark-riesa.de\/de-ls\/ihr-besuch\/anfahrt\/\" target=\"_blank\">\n\t\t\t\t\t\t<span class=\"elementor-button-content-wrapper\">\n\t\t\t\t\t\t<span class=\"elementor-button-icon\">\n\t\t\t\t<i aria-hidden=\"true\" class=\"fas fa-external-link-alt\"><\/i>\t\t\t<\/span>\n\t\t\t\t\t\t\t\t\t<span class=\"elementor-button-text\">Anfahrt<\/span>\n\t\t\t\t\t<\/span>\n\t\t\t\t\t<\/a>\n\t\t\t\t<\/div>\n\t\t\t\t\t\t\t\t<\/div>\n\t\t\t\t<\/div>\n\t\t\t\t\t<\/div>\n\t\t<\/div>\n\t\t\t\t<div class=\"elementor-column elementor-col-50 elementor-top-column elementor-element elementor-element-3fde108\" data-id=\"3fde108\" data-element_type=\"column\">\n\t\t\t<div class=\"elementor-widget-wrap elementor-element-populated\">\n\t\t\t\t\t\t<div class=\"elementor-element elementor-element-60cb64b elementor-align-justify elementor-widget elementor-widget-button\" data-id=\"60cb64b\" data-element_type=\"widget\" data-widget_type=\"button.default\">\n\t\t\t\t<div class=\"elementor-widget-container\">\n\t\t\t\t\t\t\t\t\t<div class=\"elementor-button-wrapper\">\n\t\t\t\t\t<a class=\"elementor-button elementor-button-link elementor-size-md\" href=\"https:\/\/tierpark-riesa.de\/ihr-besuch\/preise\/\" target=\"_blank\">\n\t\t\t\t\t\t<span class=\"elementor-button-content-wrapper\">\n\t\t\t\t\t\t<span class=\"elementor-button-icon\">\n\t\t\t\t<i aria-hidden=\"true\" class=\"fas fa-external-link-alt\"><\/i>\t\t\t<\/span>\n\t\t\t\t\t\t\t\t\t<span class=\"elementor-button-text\">Eintrittpreise<\/span>\n\t\t\t\t\t<\/span>\n\t\t\t\t\t<\/a>\n\t\t\t\t<\/div>\n\t\t\t\t\t\t\t\t<\/div>\n\t\t\t\t<\/div>\n\t\t\t\t\t<\/div>\n\t\t<\/div>\n\t\t\t\t\t<\/div>\n\t\t<\/section>\n\t\t\t\t<\/div>\n\t\t","protected":false},"excerpt":{"rendered":"<p>Unsere \u00d6ffnungszeiten Der Tierpark hat 365 Tage im Jahr ge\u00f6ffnet! Der letzte Einlass ist 30 Minuten vor der Schlie\u00dfung. April &#8211; September 10:00 \u2013 18:00 Uhr Oktober 10:00 \u2013 17:00 Uhr November &#8211; Februar 10:00 \u2013 16:00 Uhr M\u00e4rz 10:00 &#8211; 17:00 Uhr Anfahrt Eintrittpreise<\/p>\n","protected":false},"author":1,"featured_media":0,"parent":3823,"menu_order":1,"comment_status":"closed","ping_status":"closed","template":"elementor_header_footer","meta":{"inline_featured_image":false,"footnotes":""},"class_list":["post-3829","page","type-page","status-publish","hentry"],"yoast_head":"<!-- This site is optimized with the Yoast SEO plugin v25.1 - https:\/\/yoast.com\/wordpress\/plugins\/seo\/ -->\n<title>\u00d6ffnungszeiten - Tierpark &amp; Kloster Riesa<\/title>\n<meta name=\"robots\" content=\"index, follow, max-snippet:-1, max-image-preview:large, max-video-preview:-1\" \/>\n<link rel=\"canonical\" href=\"https:\/\/tierpark-riesa.de\/de-ls\/ihr-besuch\/oeffnungszeiten\/\" \/>\n<meta property=\"og:locale\" content=\"de_DE\" \/>\n<meta property=\"og:type\" content=\"article\" \/>\n<meta property=\"og:title\" content=\"\u00d6ffnungszeiten - Tierpark &amp; Kloster Riesa\" \/>\n<meta property=\"og:description\" content=\"Unsere \u00d6ffnungszeiten Der Tierpark hat 365 Tage im Jahr ge\u00f6ffnet! Der letzte Einlass ist 30 Minuten vor der Schlie\u00dfung. April &#8211; September 10:00 \u2013 18:00 Uhr Oktober 10:00 \u2013 17:00 Uhr November &#8211; Februar 10:00 \u2013 16:00 Uhr M\u00e4rz 10:00 &#8211; 17:00 Uhr Anfahrt Eintrittpreise\" \/>\n<meta property=\"og:url\" content=\"https:\/\/tierpark-riesa.de\/de-ls\/ihr-besuch\/oeffnungszeiten\/\" \/>\n<meta property=\"og:site_name\" content=\"Tierpark &amp; Kloster Riesa\" \/>\n<meta property=\"article:modified_time\" content=\"2024-10-22T15:59:15+00:00\" \/>\n<meta name=\"twitter:card\" content=\"summary_large_image\" \/>\n<script type=\"application\/ld+json\" class=\"yoast-schema-graph\">{\"@context\":\"https:\/\/schema.org\",\"@graph\":[{\"@type\":\"WebPage\",\"@id\":\"https:\/\/tierpark-riesa.de\/de-ls\/ihr-besuch\/oeffnungszeiten\/\",\"url\":\"https:\/\/tierpark-riesa.de\/de-ls\/ihr-besuch\/oeffnungszeiten\/\",\"name\":\"\u00d6ffnungszeiten - Tierpark &amp; Kloster Riesa\",\"isPartOf\":{\"@id\":\"https:\/\/tierpark-riesa.de\/#website\"},\"datePublished\":\"2023-07-23T16:15:22+00:00\",\"dateModified\":\"2024-10-22T15:59:15+00:00\",\"breadcrumb\":{\"@id\":\"https:\/\/tierpark-riesa.de\/de-ls\/ihr-besuch\/oeffnungszeiten\/#breadcrumb\"},\"inLanguage\":\"de-LS\",\"potentialAction\":[{\"@type\":\"ReadAction\",\"target\":[\"https:\/\/tierpark-riesa.de\/de-ls\/ihr-besuch\/oeffnungszeiten\/\"]}]},{\"@type\":\"BreadcrumbList\",\"@id\":\"https:\/\/tierpark-riesa.de\/de-ls\/ihr-besuch\/oeffnungszeiten\/#breadcrumb\",\"itemListElement\":[{\"@type\":\"ListItem\",\"position\":1,\"name\":\"Startseite\",\"item\":\"https:\/\/tierpark-riesa.de\/de-ls\/startseite-2\/\"},{\"@type\":\"ListItem\",\"position\":2,\"name\":\"Ihr Besuch\",\"item\":\"https:\/\/tierpark-riesa.de\/de-ls\/ihr-besuch\/\"},{\"@type\":\"ListItem\",\"position\":3,\"name\":\"\u00d6ffnungszeiten\"}]},{\"@type\":\"WebSite\",\"@id\":\"https:\/\/tierpark-riesa.de\/#website\",\"url\":\"https:\/\/tierpark-riesa.de\/\",\"name\":\"Tierpark &amp; Kloster Riesa\",\"description\":\"Natur erleben - Tiere entdecken an 365 Tagen im Jahr. 400 Tiere in 75 ausgew\u00e4hlten Arten und Rassen im Tierpark Riesa.\",\"publisher\":{\"@id\":\"https:\/\/tierpark-riesa.de\/#organization\"},\"potentialAction\":[{\"@type\":\"SearchAction\",\"target\":{\"@type\":\"EntryPoint\",\"urlTemplate\":\"https:\/\/tierpark-riesa.de\/?s={search_term_string}\"},\"query-input\":{\"@type\":\"PropertyValueSpecification\",\"valueRequired\":true,\"valueName\":\"search_term_string\"}}],\"inLanguage\":\"de-LS\"},{\"@type\":\"Organization\",\"@id\":\"https:\/\/tierpark-riesa.de\/#organization\",\"name\":\"FVG Riesa mbH\",\"url\":\"https:\/\/tierpark-riesa.de\/\",\"logo\":{\"@type\":\"ImageObject\",\"inLanguage\":\"de-LS\",\"@id\":\"https:\/\/tierpark-riesa.de\/#\/schema\/logo\/image\/\",\"url\":\"https:\/\/tierpark-riesa.de\/wp-content\/uploads\/2022\/01\/FVG_logo_claim_4c.png\",\"contentUrl\":\"https:\/\/tierpark-riesa.de\/wp-content\/uploads\/2022\/01\/FVG_logo_claim_4c.png\",\"width\":750,\"height\":265,\"caption\":\"FVG Riesa mbH\"},\"image\":{\"@id\":\"https:\/\/tierpark-riesa.de\/#\/schema\/logo\/image\/\"}}]}<\/script>\n<!-- \/ Yoast SEO plugin. -->","yoast_head_json":{"title":"\u00d6ffnungszeiten - Tierpark &amp; Kloster Riesa","robots":{"index":"index","follow":"follow","max-snippet":"max-snippet:-1","max-image-preview":"max-image-preview:large","max-video-preview":"max-video-preview:-1"},"canonical":"https:\/\/tierpark-riesa.de\/de-ls\/ihr-besuch\/oeffnungszeiten\/","og_locale":"de_DE","og_type":"article","og_title":"\u00d6ffnungszeiten - Tierpark &amp; Kloster Riesa","og_description":"Unsere \u00d6ffnungszeiten Der Tierpark hat 365 Tage im Jahr ge\u00f6ffnet! Der letzte Einlass ist 30 Minuten vor der Schlie\u00dfung. April &#8211; September 10:00 \u2013 18:00 Uhr Oktober 10:00 \u2013 17:00 Uhr November &#8211; Februar 10:00 \u2013 16:00 Uhr M\u00e4rz 10:00 &#8211; 17:00 Uhr Anfahrt Eintrittpreise","og_url":"https:\/\/tierpark-riesa.de\/de-ls\/ihr-besuch\/oeffnungszeiten\/","og_site_name":"Tierpark &amp; Kloster Riesa","article_modified_time":"2024-10-22T15:59:15+00:00","twitter_card":"summary_large_image","schema":{"@context":"https:\/\/schema.org","@graph":[{"@type":"WebPage","@id":"https:\/\/tierpark-riesa.de\/de-ls\/ihr-besuch\/oeffnungszeiten\/","url":"https:\/\/tierpark-riesa.de\/de-ls\/ihr-besuch\/oeffnungszeiten\/","name":"\u00d6ffnungszeiten - Tierpark &amp; Kloster Riesa","isPartOf":{"@id":"https:\/\/tierpark-riesa.de\/#website"},"datePublished":"2023-07-23T16:15:22+00:00","dateModified":"2024-10-22T15:59:15+00:00","breadcrumb":{"@id":"https:\/\/tierpark-riesa.de\/de-ls\/ihr-besuch\/oeffnungszeiten\/#breadcrumb"},"inLanguage":"de-LS","potentialAction":[{"@type":"ReadAction","target":["https:\/\/tierpark-riesa.de\/de-ls\/ihr-besuch\/oeffnungszeiten\/"]}]},{"@type":"BreadcrumbList","@id":"https:\/\/tierpark-riesa.de\/de-ls\/ihr-besuch\/oeffnungszeiten\/#breadcrumb","itemListElement":[{"@type":"ListItem","position":1,"name":"Startseite","item":"https:\/\/tierpark-riesa.de\/de-ls\/startseite-2\/"},{"@type":"ListItem","position":2,"name":"Ihr Besuch","item":"https:\/\/tierpark-riesa.de\/de-ls\/ihr-besuch\/"},{"@type":"ListItem","position":3,"name":"\u00d6ffnungszeiten"}]},{"@type":"WebSite","@id":"https:\/\/tierpark-riesa.de\/#website","url":"https:\/\/tierpark-riesa.de\/","name":"Tierpark &amp; Kloster Riesa","description":"Natur erleben - Tiere entdecken an 365 Tagen im Jahr. 400 Tiere in 75 ausgew\u00e4hlten Arten und Rassen im Tierpark Riesa.","publisher":{"@id":"https:\/\/tierpark-riesa.de\/#organization"},"potentialAction":[{"@type":"SearchAction","target":{"@type":"EntryPoint","urlTemplate":"https:\/\/tierpark-riesa.de\/?s={search_term_string}"},"query-input":{"@type":"PropertyValueSpecification","valueRequired":true,"valueName":"search_term_string"}}],"inLanguage":"de-LS"},{"@type":"Organization","@id":"https:\/\/tierpark-riesa.de\/#organization","name":"FVG Riesa mbH","url":"https:\/\/tierpark-riesa.de\/","logo":{"@type":"ImageObject","inLanguage":"de-LS","@id":"https:\/\/tierpark-riesa.de\/#\/schema\/logo\/image\/","url":"https:\/\/tierpark-riesa.de\/wp-content\/uploads\/2022\/01\/FVG_logo_claim_4c.png","contentUrl":"https:\/\/tierpark-riesa.de\/wp-content\/uploads\/2022\/01\/FVG_logo_claim_4c.png","width":750,"height":265,"caption":"FVG Riesa mbH"},"image":{"@id":"https:\/\/tierpark-riesa.de\/#\/schema\/logo\/image\/"}}]}},"_links":{"self":[{"href":"https:\/\/tierpark-riesa.de\/de-ls\/wp-json\/wp\/v2\/pages\/3829","targetHints":{"allow":["GET"]}}],"collection":[{"href":"https:\/\/tierpark-riesa.de\/de-ls\/wp-json\/wp\/v2\/pages"}],"about":[{"href":"https:\/\/tierpark-riesa.de\/de-ls\/wp-json\/wp\/v2\/types\/page"}],"author":[{"embeddable":true,"href":"https:\/\/tierpark-riesa.de\/de-ls\/wp-json\/wp\/v2\/users\/1"}],"replies":[{"embeddable":true,"href":"https:\/\/tierpark-riesa.de\/de-ls\/wp-json\/wp\/v2\/comments?post=3829"}],"version-history":[{"count":3,"href":"https:\/\/tierpark-riesa.de\/de-ls\/wp-json\/wp\/v2\/pages\/3829\/revisions"}],"predecessor-version":[{"id":3911,"href":"https:\/\/tierpark-riesa.de\/de-ls\/wp-json\/wp\/v2\/pages\/3829\/revisions\/3911"}],"up":[{"embeddable":true,"href":"https:\/\/tierpark-riesa.de\/de-ls\/wp-json\/wp\/v2\/pages\/3823"}],"wp:attachment":[{"href":"https:\/\/tierpark-riesa.de\/de-ls\/wp-json\/wp\/v2\/media?parent=3829"}],"curies":[{"name":"wp","href":"https:\/\/api.w.org\/{rel}","templated":true}]}}