{"id":3841,"date":"2023-07-23T18:13:45","date_gmt":"2023-07-23T16:13:45","guid":{"rendered":"https:\/\/tierpark-riesa.de\/tierpark\/highlights\/"},"modified":"2024-10-22T18:10:00","modified_gmt":"2024-10-22T16:10:00","slug":"highlights","status":"publish","type":"page","link":"https:\/\/tierpark-riesa.de\/de-ls\/tierpark\/highlights\/","title":{"rendered":"Highlights"},"content":{"rendered":"\t\t<div data-elementor-type=\"wp-page\" data-elementor-id=\"3841\" class=\"elementor elementor-3841 elementor-1298\" data-elementor-post-type=\"page\">\n\t\t\t\t\t\t<section class=\"elementor-section elementor-top-section elementor-element elementor-element-08ff1a2 elementor-section-full_width elementor-section-height-default elementor-section-height-default\" data-id=\"08ff1a2\" data-element_type=\"section\" data-settings=\"{&quot;shape_divider_bottom&quot;:&quot;mountains&quot;}\">\n\t\t\t\t\t<div class=\"elementor-shape elementor-shape-bottom\" aria-hidden=\"true\" data-negative=\"false\">\n\t\t\t<svg xmlns=\"http:\/\/www.w3.org\/2000\/svg\" viewBox=\"0 0 1000 100\" preserveAspectRatio=\"none\">\n\t<path class=\"elementor-shape-fill\" opacity=\"0.33\" d=\"M473,67.3c-203.9,88.3-263.1-34-320.3,0C66,119.1,0,59.7,0,59.7V0h1000v59.7 c0,0-62.1,26.1-94.9,29.3c-32.8,3.3-62.8-12.3-75.8-22.1C806,49.6,745.3,8.7,694.9,4.7S492.4,59,473,67.3z\"\/>\n\t<path class=\"elementor-shape-fill\" opacity=\"0.66\" d=\"M734,67.3c-45.5,0-77.2-23.2-129.1-39.1c-28.6-8.7-150.3-10.1-254,39.1 s-91.7-34.4-149.2,0C115.7,118.3,0,39.8,0,39.8V0h1000v36.5c0,0-28.2-18.5-92.1-18.5C810.2,18.1,775.7,67.3,734,67.3z\"\/>\n\t<path class=\"elementor-shape-fill\" d=\"M766.1,28.9c-200-57.5-266,65.5-395.1,19.5C242,1.8,242,5.4,184.8,20.6C128,35.8,132.3,44.9,89.9,52.5C28.6,63.7,0,0,0,0 h1000c0,0-9.9,40.9-83.6,48.1S829.6,47,766.1,28.9z\"\/>\n<\/svg>\t\t<\/div>\n\t\t\t\t\t<div class=\"elementor-container elementor-column-gap-no\">\n\t\t\t\t\t<div class=\"elementor-column elementor-col-100 elementor-top-column elementor-element elementor-element-1b81b6c\" data-id=\"1b81b6c\" data-element_type=\"column\" data-settings=\"{&quot;background_background&quot;:&quot;classic&quot;}\">\n\t\t\t<div class=\"elementor-widget-wrap elementor-element-populated\">\n\t\t\t\t\t\t<div class=\"elementor-element elementor-element-b06eb14 elementor--h-position-right elementor--v-position-middle elementor-pagination-position-inside elementor-widget elementor-widget-slides\" data-id=\"b06eb14\" data-element_type=\"widget\" data-settings=\"{&quot;navigation&quot;:&quot;dots&quot;,&quot;transition&quot;:&quot;fade&quot;,&quot;autoplay&quot;:&quot;yes&quot;,&quot;pause_on_hover&quot;:&quot;yes&quot;,&quot;pause_on_interaction&quot;:&quot;yes&quot;,&quot;autoplay_speed&quot;:5000,&quot;infinite&quot;:&quot;yes&quot;,&quot;transition_speed&quot;:500}\" data-widget_type=\"slides.default\">\n\t\t\t\t<div class=\"elementor-widget-container\">\n\t\t\t\t\t\t\t\t\t<div class=\"elementor-swiper\">\n\t\t\t\t\t<div class=\"elementor-slides-wrapper elementor-main-swiper swiper\" role=\"region\" aria-roledescription=\"carousel\" aria-label=\"Slides\" dir=\"ltr\" data-animation=\"fadeInUp\">\n\t\t\t\t<div class=\"swiper-wrapper elementor-slides\">\n\t\t\t\t\t\t\t\t\t\t<div class=\"elementor-repeater-item-6f26e8c swiper-slide\" role=\"group\" aria-roledescription=\"slide\"><div class=\"swiper-slide-bg\" role=\"img\"><\/div><div class=\"swiper-slide-inner\" ><div class=\"swiper-slide-contents\"><\/div><\/div><\/div>\t\t\t\t<\/div>\n\t\t\t\t\t\t\t<\/div>\n\t\t\t\t<\/div>\n\t\t\t\t\t\t\t\t<\/div>\n\t\t\t\t<\/div>\n\t\t\t\t\t<\/div>\n\t\t<\/div>\n\t\t\t\t\t<\/div>\n\t\t<\/section>\n\t\t\t\t<section class=\"elementor-section elementor-top-section elementor-element elementor-element-4ed4cc4 elementor-section-boxed elementor-section-height-default elementor-section-height-default\" data-id=\"4ed4cc4\" data-element_type=\"section\">\n\t\t\t\t\t\t<div class=\"elementor-container elementor-column-gap-default\">\n\t\t\t\t\t<div class=\"elementor-column elementor-col-100 elementor-top-column elementor-element elementor-element-624c666\" data-id=\"624c666\" data-element_type=\"column\">\n\t\t\t<div class=\"elementor-widget-wrap elementor-element-populated\">\n\t\t\t\t\t\t<div class=\"elementor-element elementor-element-db6af1e elementor-widget elementor-widget-heading\" data-id=\"db6af1e\" data-element_type=\"widget\" data-widget_type=\"heading.default\">\n\t\t\t\t<div class=\"elementor-widget-container\">\n\t\t\t\t\t<h1 class=\"elementor-heading-title elementor-size-default\">Unsere Highlights<\/h1>\t\t\t\t<\/div>\n\t\t\t\t<\/div>\n\t\t\t\t\t<\/div>\n\t\t<\/div>\n\t\t\t\t\t<\/div>\n\t\t<\/section>\n\t\t\t\t<section class=\"elementor-section elementor-top-section elementor-element elementor-element-d527a64 elementor-section-boxed elementor-section-height-default elementor-section-height-default\" data-id=\"d527a64\" data-element_type=\"section\">\n\t\t\t\t\t\t<div class=\"elementor-container elementor-column-gap-default\">\n\t\t\t\t\t<div class=\"elementor-column elementor-col-33 elementor-top-column elementor-element elementor-element-22afd8b\" data-id=\"22afd8b\" data-element_type=\"column\">\n\t\t\t<div class=\"elementor-widget-wrap elementor-element-populated\">\n\t\t\t\t\t\t<div class=\"elementor-element elementor-element-e5ce88b elementor-widget elementor-widget-text-editor\" data-id=\"e5ce88b\" data-element_type=\"widget\" data-widget_type=\"text-editor.default\">\n\t\t\t\t<div class=\"elementor-widget-container\">\n\t\t\t\t\t\t\t\t\t<p style=\"text-align: center;\">Zu F\u00fc\u00dfen des alten Klosters gibt es einen Tierpark.<br \/>Der Tierpark ist in der Stadt Riesa.<br \/>Der Tierpark wurde im Jahr 1965 gegr\u00fcndet.<br \/>Im Tierpark gibt es 400 Tiere.<br \/>Es gibt 75 verschiedene Tier-Arten.<br \/>Das Motto vom Tierpark ist: \u201eNatur erleben \u2013 Tiere entdecken\u201c.<br \/>Der Tierpark hat jeden Tag im Jahr ge\u00f6ffnet.<br \/>Es gibt viele Tiere im Tierpark.<br \/>Zum Beispiel: Zwergotter, Alpakas und bunte Fische.<br \/>Im Tierpark kann man besondere Tiere sehen.   <\/p>\n<p style=\"text-align: center;\">Das terrassenf\u00f6rmige Au\u00dfengel\u00e4nde unterhalb des Kr\u00e4utergartens l\u00e4dt zum Verweilen ein.<br \/>W\u00e4hrenddessen k\u00f6nnen die Kinder verschiedene Spielger\u00e4te und p\u00e4dagogische Angebote nutzen.<br \/>Im Ostfl\u00fcgel des Klosters gibt es drei gro\u00dfe Aquarien und mehrere Terrarien f\u00fcr Nagetiere und wirbellose Tiere.<br \/>Im obersten Stockwerk gibt es regelm\u00e4\u00dfig Ausstellungen zum Thema Natur- und Artenschutz.  <\/p>\n<p style=\"text-align: center;\">Besonders beliebt sind die j\u00e4hrlichen Tierparkfeste an Ostern und Halloween.<br \/>Es gibt viele Spiel- und Spa\u00dfaktionen f\u00fcr die ganze Familie.<br \/>Tierpark-F\u00fchrungen f\u00fcr Kinder- und Erwachsenengruppen sowie Kindergeburtstage mit Alpaka-Spaziergang k\u00f6nnen jederzeit auf Anfrage gebucht werden. <\/p>\n\t\t\t\t\t\t\t\t<\/div>\n\t\t\t\t<\/div>\n\t\t\t\t\t<\/div>\n\t\t<\/div>\n\t\t\t\t<div class=\"elementor-column elementor-col-66 elementor-top-column elementor-element elementor-element-996b435\" data-id=\"996b435\" data-element_type=\"column\">\n\t\t\t<div class=\"elementor-widget-wrap elementor-element-populated\">\n\t\t\t\t\t\t<div class=\"elementor-element elementor-element-0f347e7 elementor-widget elementor-widget-gallery\" data-id=\"0f347e7\" data-element_type=\"widget\" data-settings=\"{&quot;columns&quot;:2,&quot;columns_mobile&quot;:2,&quot;aspect_ratio&quot;:&quot;16:9&quot;,&quot;lazyload&quot;:&quot;yes&quot;,&quot;gallery_layout&quot;:&quot;grid&quot;,&quot;columns_tablet&quot;:2,&quot;gap&quot;:{&quot;unit&quot;:&quot;px&quot;,&quot;size&quot;:10,&quot;sizes&quot;:[]},&quot;gap_tablet&quot;:{&quot;unit&quot;:&quot;px&quot;,&quot;size&quot;:10,&quot;sizes&quot;:[]},&quot;gap_mobile&quot;:{&quot;unit&quot;:&quot;px&quot;,&quot;size&quot;:10,&quot;sizes&quot;:[]},&quot;link_to&quot;:&quot;file&quot;,&quot;overlay_background&quot;:&quot;yes&quot;,&quot;content_hover_animation&quot;:&quot;fade-in&quot;}\" data-widget_type=\"gallery.default\">\n\t\t\t\t<div class=\"elementor-widget-container\">\n\t\t\t\t\t\t\t<div class=\"elementor-gallery__container\">\n\t\t\t\t\t\t\t<a class=\"e-gallery-item elementor-gallery-item elementor-animated-content\" href=\"https:\/\/tierpark-riesa.de\/wp-content\/uploads\/2023\/08\/DSC_1783.jpg\" data-elementor-open-lightbox=\"yes\" data-elementor-lightbox-slideshow=\"0f347e7\" data-e-action-hash=\"#elementor-action%3Aaction%3Dlightbox%26settings%3DeyJpZCI6MTkzNiwidXJsIjoiaHR0cHM6XC9cL3RpZXJwYXJrLXJpZXNhLmRlXC93cC1jb250ZW50XC91cGxvYWRzXC8yMDIzXC8wOFwvRFNDXzE3ODMuanBnIiwic2xpZGVzaG93IjoiMGYzNDdlNyJ9\">\n\t\t\t\t\t<div class=\"e-gallery-image elementor-gallery-item__image\" data-thumbnail=\"https:\/\/tierpark-riesa.de\/wp-content\/uploads\/2023\/08\/DSC_1783-768x510.jpg\" data-width=\"768\" data-height=\"510\" aria-label=\"\" role=\"img\" ><\/div>\n\t\t\t\t\t\t\t\t\t\t\t<div class=\"elementor-gallery-item__overlay\"><\/div>\n\t\t\t\t\t\t\t\t\t\t\t\t\t\t<\/a>\n\t\t\t\t\t\t\t<a class=\"e-gallery-item elementor-gallery-item elementor-animated-content\" href=\"https:\/\/tierpark-riesa.de\/wp-content\/uploads\/2023\/08\/DSC_1032.jpg\" data-elementor-open-lightbox=\"yes\" data-elementor-lightbox-slideshow=\"0f347e7\" data-e-action-hash=\"#elementor-action%3Aaction%3Dlightbox%26settings%3DeyJpZCI6MTcwMCwidXJsIjoiaHR0cHM6XC9cL3RpZXJwYXJrLXJpZXNhLmRlXC93cC1jb250ZW50XC91cGxvYWRzXC8yMDIzXC8wOFwvRFNDXzEwMzIuanBnIiwic2xpZGVzaG93IjoiMGYzNDdlNyJ9\">\n\t\t\t\t\t<div class=\"e-gallery-image elementor-gallery-item__image\" data-thumbnail=\"https:\/\/tierpark-riesa.de\/wp-content\/uploads\/2023\/08\/DSC_1032-768x510.jpg\" data-width=\"768\" data-height=\"510\" aria-label=\"\" role=\"img\" ><\/div>\n\t\t\t\t\t\t\t\t\t\t\t<div class=\"elementor-gallery-item__overlay\"><\/div>\n\t\t\t\t\t\t\t\t\t\t\t\t\t\t<\/a>\n\t\t\t\t\t\t\t<a class=\"e-gallery-item elementor-gallery-item elementor-animated-content\" href=\"https:\/\/tierpark-riesa.de\/wp-content\/uploads\/2023\/09\/Aquarium-1.jpg\" data-elementor-open-lightbox=\"yes\" data-elementor-lightbox-slideshow=\"0f347e7\" data-e-action-hash=\"#elementor-action%3Aaction%3Dlightbox%26settings%3DeyJpZCI6MjIwOCwidXJsIjoiaHR0cHM6XC9cL3RpZXJwYXJrLXJpZXNhLmRlXC93cC1jb250ZW50XC91cGxvYWRzXC8yMDIzXC8wOVwvQXF1YXJpdW0tMS5qcGciLCJzbGlkZXNob3ciOiIwZjM0N2U3In0%3D\">\n\t\t\t\t\t<div class=\"e-gallery-image elementor-gallery-item__image\" data-thumbnail=\"https:\/\/tierpark-riesa.de\/wp-content\/uploads\/2023\/09\/Aquarium-1-768x496.jpg\" data-width=\"768\" data-height=\"496\" aria-label=\"Aquarien\" role=\"img\" ><\/div>\n\t\t\t\t\t\t\t\t\t\t\t<div class=\"elementor-gallery-item__overlay\"><\/div>\n\t\t\t\t\t\t\t\t\t\t\t\t\t\t<\/a>\n\t\t\t\t\t\t\t<a class=\"e-gallery-item elementor-gallery-item elementor-animated-content\" href=\"https:\/\/tierpark-riesa.de\/wp-content\/uploads\/2023\/08\/DSC_1665.jpg\" data-elementor-open-lightbox=\"yes\" data-elementor-lightbox-slideshow=\"0f347e7\" data-e-action-hash=\"#elementor-action%3Aaction%3Dlightbox%26settings%3DeyJpZCI6MTk1MCwidXJsIjoiaHR0cHM6XC9cL3RpZXJwYXJrLXJpZXNhLmRlXC93cC1jb250ZW50XC91cGxvYWRzXC8yMDIzXC8wOFwvRFNDXzE2NjUuanBnIiwic2xpZGVzaG93IjoiMGYzNDdlNyJ9\">\n\t\t\t\t\t<div class=\"e-gallery-image elementor-gallery-item__image\" data-thumbnail=\"https:\/\/tierpark-riesa.de\/wp-content\/uploads\/2023\/08\/DSC_1665-768x510.jpg\" data-width=\"768\" data-height=\"510\" aria-label=\"\" role=\"img\" ><\/div>\n\t\t\t\t\t\t\t\t\t\t\t<div class=\"elementor-gallery-item__overlay\"><\/div>\n\t\t\t\t\t\t\t\t\t\t\t\t\t\t<\/a>\n\t\t\t\t\t<\/div>\n\t\t\t\t\t<\/div>\n\t\t\t\t<\/div>\n\t\t\t\t\t<\/div>\n\t\t<\/div>\n\t\t\t\t\t<\/div>\n\t\t<\/section>\n\t\t\t\t<section class=\"elementor-section elementor-top-section elementor-element elementor-element-533de80 elementor-section-boxed elementor-section-height-default elementor-section-height-default\" data-id=\"533de80\" data-element_type=\"section\">\n\t\t\t\t\t\t<div class=\"elementor-container elementor-column-gap-default\">\n\t\t\t\t\t<div class=\"elementor-column elementor-col-25 elementor-top-column elementor-element elementor-element-81ae742\" data-id=\"81ae742\" data-element_type=\"column\">\n\t\t\t<div class=\"elementor-widget-wrap elementor-element-populated\">\n\t\t\t\t\t\t<div class=\"elementor-element elementor-element-f1fd930 elementor-position-left elementor-view-default elementor-mobile-position-top elementor-vertical-align-top elementor-widget elementor-widget-icon-box\" data-id=\"f1fd930\" data-element_type=\"widget\" data-widget_type=\"icon-box.default\">\n\t\t\t\t<div class=\"elementor-widget-container\">\n\t\t\t\t\t\t\t<div class=\"elementor-icon-box-wrapper\">\n\n\t\t\t\t\t\t<div class=\"elementor-icon-box-icon\">\n\t\t\t\t<span  class=\"elementor-icon\">\n\t\t\t\t<i aria-hidden=\"true\" class=\"fas fa-hand-sparkles\"><\/i>\t\t\t\t<\/span>\n\t\t\t<\/div>\n\t\t\t\n\t\t\t\t\t\t<div class=\"elementor-icon-box-content\">\n\n\t\t\t\t\t\t\t\t\t<h2 class=\"elementor-icon-box-title\">\n\t\t\t\t\t\t<span  >\n\t\t\t\t\t\t\tStreichelzoo\t\t\t\t\t\t<\/span>\n\t\t\t\t\t<\/h2>\n\t\t\t\t\n\t\t\t\t\t\t\t\t\t<p class=\"elementor-icon-box-description\">\n\t\t\t\t\t\tDer Besuch des Streichelzoos mit Zwergziegen, Zwergschafen und H\u00fchnern ist bei Gro\u00df und Klein sehr beliebt.<br>F\u00fcr Kinder gibt es B\u00fcrsten, mit denen sie die Ziegen streicheln und verw\u00f6hnen k\u00f6nnen. \t\t\t\t\t<\/p>\n\t\t\t\t\n\t\t\t<\/div>\n\t\t\t\n\t\t<\/div>\n\t\t\t\t\t\t<\/div>\n\t\t\t\t<\/div>\n\t\t\t\t\t<\/div>\n\t\t<\/div>\n\t\t\t\t<div class=\"elementor-column elementor-col-25 elementor-top-column elementor-element elementor-element-d0f4758\" data-id=\"d0f4758\" data-element_type=\"column\">\n\t\t\t<div class=\"elementor-widget-wrap elementor-element-populated\">\n\t\t\t\t\t\t<div class=\"elementor-element elementor-element-9fcec6a elementor-position-left elementor-view-default elementor-mobile-position-top elementor-vertical-align-top elementor-widget elementor-widget-icon-box\" data-id=\"9fcec6a\" data-element_type=\"widget\" data-widget_type=\"icon-box.default\">\n\t\t\t\t<div class=\"elementor-widget-container\">\n\t\t\t\t\t\t\t<div class=\"elementor-icon-box-wrapper\">\n\n\t\t\t\t\t\t<div class=\"elementor-icon-box-icon\">\n\t\t\t\t<span  class=\"elementor-icon\">\n\t\t\t\t<i aria-hidden=\"true\" class=\"fas fa-otter\"><\/i>\t\t\t\t<\/span>\n\t\t\t<\/div>\n\t\t\t\n\t\t\t\t\t\t<div class=\"elementor-icon-box-content\">\n\n\t\t\t\t\t\t\t\t\t<h2 class=\"elementor-icon-box-title\">\n\t\t\t\t\t\t<span  >\n\t\t\t\t\t\t\tZwergotter\t\t\t\t\t\t<\/span>\n\t\t\t\t\t<\/h2>\n\t\t\t\t\n\t\t\t\t\t\t\t\t\t<p class=\"elementor-icon-box-description\">\n\t\t\t\t\t\tDie Zwergotter sind die Lieblinge der Besucher im Tierpark.<br>Hinter dem Kr\u00e4utergarten begr\u00fc\u00dfen sie die Besucher oft laut quietschend von ihrer \u201eAussichtsplattform\u201c aus.<br>An den Wochenenden gibt es um 14 Uhr \u00f6ffentliche F\u00fctterungen der Zwergotter.  \t\t\t\t\t<\/p>\n\t\t\t\t\n\t\t\t<\/div>\n\t\t\t\n\t\t<\/div>\n\t\t\t\t\t\t<\/div>\n\t\t\t\t<\/div>\n\t\t\t\t\t<\/div>\n\t\t<\/div>\n\t\t\t\t<div class=\"elementor-column elementor-col-25 elementor-top-column elementor-element elementor-element-b7c9f60\" data-id=\"b7c9f60\" data-element_type=\"column\">\n\t\t\t<div class=\"elementor-widget-wrap elementor-element-populated\">\n\t\t\t\t\t\t<div class=\"elementor-element elementor-element-a0ab013 elementor-position-left elementor-view-default elementor-mobile-position-top elementor-vertical-align-top elementor-widget elementor-widget-icon-box\" data-id=\"a0ab013\" data-element_type=\"widget\" data-widget_type=\"icon-box.default\">\n\t\t\t\t<div class=\"elementor-widget-container\">\n\t\t\t\t\t\t\t<div class=\"elementor-icon-box-wrapper\">\n\n\t\t\t\t\t\t<div class=\"elementor-icon-box-icon\">\n\t\t\t\t<span  class=\"elementor-icon\">\n\t\t\t\t<i aria-hidden=\"true\" class=\"fas fa-fish\"><\/i>\t\t\t\t<\/span>\n\t\t\t<\/div>\n\t\t\t\n\t\t\t\t\t\t<div class=\"elementor-icon-box-content\">\n\n\t\t\t\t\t\t\t\t\t<h2 class=\"elementor-icon-box-title\">\n\t\t\t\t\t\t<span  >\n\t\t\t\t\t\t\tAquarien\t\t\t\t\t\t<\/span>\n\t\t\t\t\t<\/h2>\n\t\t\t\t\n\t\t\t\t\t\t\t\t\t<p class=\"elementor-icon-box-description\">\n\t\t\t\t\t\tIm Erdgeschoss des Klosters gibt es drei gro\u00dfe Aquarien mit insgesamt 11.000 Litern Wasser.<br>Dort sehen Sie Fische aus der Elbe, bunte Malawi-Buntbarsche und seltene Regenbogenfische aus Neuguinea.<br>Ein besonderes Highlight ist der Touch-Pool, wo Sie und Ihre Kinder die \u201eKnabberfische\u201c aus der N\u00e4he erleben k\u00f6nnen.   \t\t\t\t\t<\/p>\n\t\t\t\t\n\t\t\t<\/div>\n\t\t\t\n\t\t<\/div>\n\t\t\t\t\t\t<\/div>\n\t\t\t\t<\/div>\n\t\t\t\t\t<\/div>\n\t\t<\/div>\n\t\t\t\t<div class=\"elementor-column elementor-col-25 elementor-top-column elementor-element elementor-element-8afcb38\" data-id=\"8afcb38\" data-element_type=\"column\">\n\t\t\t<div class=\"elementor-widget-wrap elementor-element-populated\">\n\t\t\t\t\t\t<div class=\"elementor-element elementor-element-7793699 elementor-position-left elementor-view-default elementor-mobile-position-top elementor-vertical-align-top elementor-widget elementor-widget-icon-box\" data-id=\"7793699\" data-element_type=\"widget\" data-widget_type=\"icon-box.default\">\n\t\t\t\t<div class=\"elementor-widget-container\">\n\t\t\t\t\t\t\t<div class=\"elementor-icon-box-wrapper\">\n\n\t\t\t\t\t\t<div class=\"elementor-icon-box-icon\">\n\t\t\t\t<span  class=\"elementor-icon\">\n\t\t\t\t<i aria-hidden=\"true\" class=\"fab fa-odnoklassniki\"><\/i>\t\t\t\t<\/span>\n\t\t\t<\/div>\n\t\t\t\n\t\t\t\t\t\t<div class=\"elementor-icon-box-content\">\n\n\t\t\t\t\t\t\t\t\t<h2 class=\"elementor-icon-box-title\">\n\t\t\t\t\t\t<span  >\n\t\t\t\t\t\t\tSpiel &amp; Spa\u00df\t\t\t\t\t\t<\/span>\n\t\t\t\t\t<\/h2>\n\t\t\t\t\n\t\t\t\t\t\t\t\t\t<p class=\"elementor-icon-box-description\">\n\t\t\t\t\t\tIm ganzen Tierpark gibt es viele Spielm\u00f6glichkeiten und interaktive Stationen f\u00fcr Kinder.<br>Zum Beispiel F\u00fchlk\u00e4sten, ein Baum-Puzzle, eine Vogelstimmen-Station und einen Barfu\u00dfpfad.<br>Die Tunnelrutsche ist bei Kindern und Erwachsenen sehr beliebt.<br>Im unteren Bereich des Tierparks gibt es einen Spielplatz f\u00fcr j\u00fcngere und \u00e4ltere Kinder.<br>Neben dem Spielplatz gibt es einen Picknickplatz f\u00fcr eine l\u00e4ngere Pause.   \t\t\t\t\t<\/p>\n\t\t\t\t\n\t\t\t<\/div>\n\t\t\t\n\t\t<\/div>\n\t\t\t\t\t\t<\/div>\n\t\t\t\t<\/div>\n\t\t\t\t\t<\/div>\n\t\t<\/div>\n\t\t\t\t\t<\/div>\n\t\t<\/section>\n\t\t\t\t<\/div>\n\t\t","protected":false},"excerpt":{"rendered":"<p>Unsere Highlights Zu F\u00fc\u00dfen des alten Klosters gibt es einen Tierpark.Der Tierpark ist in der Stadt Riesa.Der Tierpark wurde im Jahr 1965 gegr\u00fcndet.Im Tierpark gibt es 400 Tiere.Es gibt 75 verschiedene Tier-Arten.Das Motto vom Tierpark ist: \u201eNatur erleben \u2013 Tiere entdecken\u201c.Der Tierpark hat jeden Tag im Jahr ge\u00f6ffnet.Es gibt viele Tiere im Tierpark.Zum Beispiel: Zwergotter, [&hellip;]<\/p>\n","protected":false},"author":1,"featured_media":0,"parent":3839,"menu_order":1,"comment_status":"closed","ping_status":"closed","template":"elementor_header_footer","meta":{"inline_featured_image":false,"footnotes":""},"class_list":["post-3841","page","type-page","status-publish","hentry"],"yoast_head":"<!-- This site is optimized with the Yoast SEO plugin v25.1 - https:\/\/yoast.com\/wordpress\/plugins\/seo\/ -->\n<title>Highlights - Tierpark &amp; Kloster Riesa<\/title>\n<meta name=\"robots\" content=\"index, follow, max-snippet:-1, max-image-preview:large, max-video-preview:-1\" \/>\n<link rel=\"canonical\" href=\"https:\/\/tierpark-riesa.de\/de-ls\/tierpark\/highlights\/\" \/>\n<meta property=\"og:locale\" content=\"de_DE\" \/>\n<meta property=\"og:type\" content=\"article\" \/>\n<meta property=\"og:title\" content=\"Highlights - Tierpark &amp; Kloster Riesa\" \/>\n<meta property=\"og:description\" content=\"Unsere Highlights Zu F\u00fc\u00dfen des alten Klosters gibt es einen Tierpark.Der Tierpark ist in der Stadt Riesa.Der Tierpark wurde im Jahr 1965 gegr\u00fcndet.Im Tierpark gibt es 400 Tiere.Es gibt 75 verschiedene Tier-Arten.Das Motto vom Tierpark ist: \u201eNatur erleben \u2013 Tiere entdecken\u201c.Der Tierpark hat jeden Tag im Jahr ge\u00f6ffnet.Es gibt viele Tiere im Tierpark.Zum Beispiel: Zwergotter, [&hellip;]\" \/>\n<meta property=\"og:url\" content=\"https:\/\/tierpark-riesa.de\/de-ls\/tierpark\/highlights\/\" \/>\n<meta property=\"og:site_name\" content=\"Tierpark &amp; Kloster Riesa\" \/>\n<meta property=\"article:modified_time\" content=\"2024-10-22T16:10:00+00:00\" \/>\n<meta name=\"twitter:card\" content=\"summary_large_image\" \/>\n<meta name=\"twitter:label1\" content=\"Est. reading time\" \/>\n\t<meta name=\"twitter:data1\" content=\"2 minutes\" \/>\n<script type=\"application\/ld+json\" class=\"yoast-schema-graph\">{\"@context\":\"https:\/\/schema.org\",\"@graph\":[{\"@type\":\"WebPage\",\"@id\":\"https:\/\/tierpark-riesa.de\/de-ls\/tierpark\/highlights\/\",\"url\":\"https:\/\/tierpark-riesa.de\/de-ls\/tierpark\/highlights\/\",\"name\":\"Highlights - Tierpark &amp; Kloster Riesa\",\"isPartOf\":{\"@id\":\"https:\/\/tierpark-riesa.de\/#website\"},\"datePublished\":\"2023-07-23T16:13:45+00:00\",\"dateModified\":\"2024-10-22T16:10:00+00:00\",\"breadcrumb\":{\"@id\":\"https:\/\/tierpark-riesa.de\/de-ls\/tierpark\/highlights\/#breadcrumb\"},\"inLanguage\":\"de-LS\",\"potentialAction\":[{\"@type\":\"ReadAction\",\"target\":[\"https:\/\/tierpark-riesa.de\/de-ls\/tierpark\/highlights\/\"]}]},{\"@type\":\"BreadcrumbList\",\"@id\":\"https:\/\/tierpark-riesa.de\/de-ls\/tierpark\/highlights\/#breadcrumb\",\"itemListElement\":[{\"@type\":\"ListItem\",\"position\":1,\"name\":\"Startseite\",\"item\":\"https:\/\/tierpark-riesa.de\/de-ls\/startseite-2\/\"},{\"@type\":\"ListItem\",\"position\":2,\"name\":\"Tierpark\",\"item\":\"https:\/\/tierpark-riesa.de\/de-ls\/tierpark\/\"},{\"@type\":\"ListItem\",\"position\":3,\"name\":\"Highlights\"}]},{\"@type\":\"WebSite\",\"@id\":\"https:\/\/tierpark-riesa.de\/#website\",\"url\":\"https:\/\/tierpark-riesa.de\/\",\"name\":\"Tierpark &amp; Kloster Riesa\",\"description\":\"Natur erleben - Tiere entdecken an 365 Tagen im Jahr. 400 Tiere in 75 ausgew\u00e4hlten Arten und Rassen im Tierpark Riesa.\",\"publisher\":{\"@id\":\"https:\/\/tierpark-riesa.de\/#organization\"},\"potentialAction\":[{\"@type\":\"SearchAction\",\"target\":{\"@type\":\"EntryPoint\",\"urlTemplate\":\"https:\/\/tierpark-riesa.de\/?s={search_term_string}\"},\"query-input\":{\"@type\":\"PropertyValueSpecification\",\"valueRequired\":true,\"valueName\":\"search_term_string\"}}],\"inLanguage\":\"de-LS\"},{\"@type\":\"Organization\",\"@id\":\"https:\/\/tierpark-riesa.de\/#organization\",\"name\":\"FVG Riesa mbH\",\"url\":\"https:\/\/tierpark-riesa.de\/\",\"logo\":{\"@type\":\"ImageObject\",\"inLanguage\":\"de-LS\",\"@id\":\"https:\/\/tierpark-riesa.de\/#\/schema\/logo\/image\/\",\"url\":\"https:\/\/tierpark-riesa.de\/wp-content\/uploads\/2022\/01\/FVG_logo_claim_4c.png\",\"contentUrl\":\"https:\/\/tierpark-riesa.de\/wp-content\/uploads\/2022\/01\/FVG_logo_claim_4c.png\",\"width\":750,\"height\":265,\"caption\":\"FVG Riesa mbH\"},\"image\":{\"@id\":\"https:\/\/tierpark-riesa.de\/#\/schema\/logo\/image\/\"}}]}<\/script>\n<!-- \/ Yoast SEO plugin. -->","yoast_head_json":{"title":"Highlights - Tierpark &amp; Kloster Riesa","robots":{"index":"index","follow":"follow","max-snippet":"max-snippet:-1","max-image-preview":"max-image-preview:large","max-video-preview":"max-video-preview:-1"},"canonical":"https:\/\/tierpark-riesa.de\/de-ls\/tierpark\/highlights\/","og_locale":"de_DE","og_type":"article","og_title":"Highlights - Tierpark &amp; Kloster Riesa","og_description":"Unsere Highlights Zu F\u00fc\u00dfen des alten Klosters gibt es einen Tierpark.Der Tierpark ist in der Stadt Riesa.Der Tierpark wurde im Jahr 1965 gegr\u00fcndet.Im Tierpark gibt es 400 Tiere.Es gibt 75 verschiedene Tier-Arten.Das Motto vom Tierpark ist: \u201eNatur erleben \u2013 Tiere entdecken\u201c.Der Tierpark hat jeden Tag im Jahr ge\u00f6ffnet.Es gibt viele Tiere im Tierpark.Zum Beispiel: Zwergotter, [&hellip;]","og_url":"https:\/\/tierpark-riesa.de\/de-ls\/tierpark\/highlights\/","og_site_name":"Tierpark &amp; Kloster Riesa","article_modified_time":"2024-10-22T16:10:00+00:00","twitter_card":"summary_large_image","twitter_misc":{"Est. reading time":"2 minutes"},"schema":{"@context":"https:\/\/schema.org","@graph":[{"@type":"WebPage","@id":"https:\/\/tierpark-riesa.de\/de-ls\/tierpark\/highlights\/","url":"https:\/\/tierpark-riesa.de\/de-ls\/tierpark\/highlights\/","name":"Highlights - Tierpark &amp; Kloster Riesa","isPartOf":{"@id":"https:\/\/tierpark-riesa.de\/#website"},"datePublished":"2023-07-23T16:13:45+00:00","dateModified":"2024-10-22T16:10:00+00:00","breadcrumb":{"@id":"https:\/\/tierpark-riesa.de\/de-ls\/tierpark\/highlights\/#breadcrumb"},"inLanguage":"de-LS","potentialAction":[{"@type":"ReadAction","target":["https:\/\/tierpark-riesa.de\/de-ls\/tierpark\/highlights\/"]}]},{"@type":"BreadcrumbList","@id":"https:\/\/tierpark-riesa.de\/de-ls\/tierpark\/highlights\/#breadcrumb","itemListElement":[{"@type":"ListItem","position":1,"name":"Startseite","item":"https:\/\/tierpark-riesa.de\/de-ls\/startseite-2\/"},{"@type":"ListItem","position":2,"name":"Tierpark","item":"https:\/\/tierpark-riesa.de\/de-ls\/tierpark\/"},{"@type":"ListItem","position":3,"name":"Highlights"}]},{"@type":"WebSite","@id":"https:\/\/tierpark-riesa.de\/#website","url":"https:\/\/tierpark-riesa.de\/","name":"Tierpark &amp; Kloster Riesa","description":"Natur erleben - Tiere entdecken an 365 Tagen im Jahr. 400 Tiere in 75 ausgew\u00e4hlten Arten und Rassen im Tierpark Riesa.","publisher":{"@id":"https:\/\/tierpark-riesa.de\/#organization"},"potentialAction":[{"@type":"SearchAction","target":{"@type":"EntryPoint","urlTemplate":"https:\/\/tierpark-riesa.de\/?s={search_term_string}"},"query-input":{"@type":"PropertyValueSpecification","valueRequired":true,"valueName":"search_term_string"}}],"inLanguage":"de-LS"},{"@type":"Organization","@id":"https:\/\/tierpark-riesa.de\/#organization","name":"FVG Riesa mbH","url":"https:\/\/tierpark-riesa.de\/","logo":{"@type":"ImageObject","inLanguage":"de-LS","@id":"https:\/\/tierpark-riesa.de\/#\/schema\/logo\/image\/","url":"https:\/\/tierpark-riesa.de\/wp-content\/uploads\/2022\/01\/FVG_logo_claim_4c.png","contentUrl":"https:\/\/tierpark-riesa.de\/wp-content\/uploads\/2022\/01\/FVG_logo_claim_4c.png","width":750,"height":265,"caption":"FVG Riesa mbH"},"image":{"@id":"https:\/\/tierpark-riesa.de\/#\/schema\/logo\/image\/"}}]}},"_links":{"self":[{"href":"https:\/\/tierpark-riesa.de\/de-ls\/wp-json\/wp\/v2\/pages\/3841","targetHints":{"allow":["GET"]}}],"collection":[{"href":"https:\/\/tierpark-riesa.de\/de-ls\/wp-json\/wp\/v2\/pages"}],"about":[{"href":"https:\/\/tierpark-riesa.de\/de-ls\/wp-json\/wp\/v2\/types\/page"}],"author":[{"embeddable":true,"href":"https:\/\/tierpark-riesa.de\/de-ls\/wp-json\/wp\/v2\/users\/1"}],"replies":[{"embeddable":true,"href":"https:\/\/tierpark-riesa.de\/de-ls\/wp-json\/wp\/v2\/comments?post=3841"}],"version-history":[{"count":3,"href":"https:\/\/tierpark-riesa.de\/de-ls\/wp-json\/wp\/v2\/pages\/3841\/revisions"}],"predecessor-version":[{"id":3923,"href":"https:\/\/tierpark-riesa.de\/de-ls\/wp-json\/wp\/v2\/pages\/3841\/revisions\/3923"}],"up":[{"embeddable":true,"href":"https:\/\/tierpark-riesa.de\/de-ls\/wp-json\/wp\/v2\/pages\/3839"}],"wp:attachment":[{"href":"https:\/\/tierpark-riesa.de\/de-ls\/wp-json\/wp\/v2\/media?parent=3841"}],"curies":[{"name":"wp","href":"https:\/\/api.w.org\/{rel}","templated":true}]}}