{"id":3851,"date":"2023-07-23T18:19:18","date_gmt":"2023-07-23T16:19:18","guid":{"rendered":"https:\/\/tierpark-riesa.de\/patenschaften\/"},"modified":"2024-10-22T19:40:26","modified_gmt":"2024-10-22T17:40:26","slug":"patenschaften","status":"publish","type":"page","link":"https:\/\/tierpark-riesa.de\/de-ls\/unterstuetzen\/patenschaften\/","title":{"rendered":"Patenschaften"},"content":{"rendered":"\t\t<div data-elementor-type=\"wp-page\" data-elementor-id=\"3851\" class=\"elementor elementor-3851 elementor-1336\" data-elementor-post-type=\"page\">\n\t\t\t\t\t\t<section class=\"elementor-section elementor-top-section elementor-element elementor-element-3f2364e elementor-section-full_width elementor-section-height-default elementor-section-height-default\" data-id=\"3f2364e\" data-element_type=\"section\" data-settings=\"{&quot;shape_divider_bottom&quot;:&quot;mountains&quot;}\">\n\t\t\t\t\t<div class=\"elementor-shape elementor-shape-bottom\" aria-hidden=\"true\" data-negative=\"false\">\n\t\t\t<svg xmlns=\"http:\/\/www.w3.org\/2000\/svg\" viewBox=\"0 0 1000 100\" preserveAspectRatio=\"none\">\n\t<path class=\"elementor-shape-fill\" opacity=\"0.33\" d=\"M473,67.3c-203.9,88.3-263.1-34-320.3,0C66,119.1,0,59.7,0,59.7V0h1000v59.7 c0,0-62.1,26.1-94.9,29.3c-32.8,3.3-62.8-12.3-75.8-22.1C806,49.6,745.3,8.7,694.9,4.7S492.4,59,473,67.3z\"\/>\n\t<path class=\"elementor-shape-fill\" opacity=\"0.66\" d=\"M734,67.3c-45.5,0-77.2-23.2-129.1-39.1c-28.6-8.7-150.3-10.1-254,39.1 s-91.7-34.4-149.2,0C115.7,118.3,0,39.8,0,39.8V0h1000v36.5c0,0-28.2-18.5-92.1-18.5C810.2,18.1,775.7,67.3,734,67.3z\"\/>\n\t<path class=\"elementor-shape-fill\" d=\"M766.1,28.9c-200-57.5-266,65.5-395.1,19.5C242,1.8,242,5.4,184.8,20.6C128,35.8,132.3,44.9,89.9,52.5C28.6,63.7,0,0,0,0 h1000c0,0-9.9,40.9-83.6,48.1S829.6,47,766.1,28.9z\"\/>\n<\/svg>\t\t<\/div>\n\t\t\t\t\t<div class=\"elementor-container elementor-column-gap-no\">\n\t\t\t\t\t<div class=\"elementor-column elementor-col-100 elementor-top-column elementor-element elementor-element-a9762f3\" data-id=\"a9762f3\" data-element_type=\"column\" data-settings=\"{&quot;background_background&quot;:&quot;classic&quot;}\">\n\t\t\t<div class=\"elementor-widget-wrap elementor-element-populated\">\n\t\t\t\t\t\t<div class=\"elementor-element elementor-element-a9db067 elementor--h-position-right elementor--v-position-middle elementor-pagination-position-inside elementor-widget elementor-widget-slides\" data-id=\"a9db067\" data-element_type=\"widget\" data-settings=\"{&quot;navigation&quot;:&quot;dots&quot;,&quot;transition&quot;:&quot;fade&quot;,&quot;autoplay&quot;:&quot;yes&quot;,&quot;pause_on_hover&quot;:&quot;yes&quot;,&quot;pause_on_interaction&quot;:&quot;yes&quot;,&quot;autoplay_speed&quot;:5000,&quot;infinite&quot;:&quot;yes&quot;,&quot;transition_speed&quot;:500}\" data-widget_type=\"slides.default\">\n\t\t\t\t<div class=\"elementor-widget-container\">\n\t\t\t\t\t\t\t\t\t<div class=\"elementor-swiper\">\n\t\t\t\t\t<div class=\"elementor-slides-wrapper elementor-main-swiper swiper\" role=\"region\" aria-roledescription=\"carousel\" aria-label=\"Slides\" dir=\"ltr\" data-animation=\"fadeInUp\">\n\t\t\t\t<div class=\"swiper-wrapper elementor-slides\">\n\t\t\t\t\t\t\t\t\t\t<div class=\"elementor-repeater-item-6f26e8c swiper-slide\" role=\"group\" aria-roledescription=\"slide\"><div class=\"swiper-slide-bg\" role=\"img\"><\/div><div class=\"swiper-slide-inner\" ><div class=\"swiper-slide-contents\"><\/div><\/div><\/div>\t\t\t\t<\/div>\n\t\t\t\t\t\t\t<\/div>\n\t\t\t\t<\/div>\n\t\t\t\t\t\t\t\t<\/div>\n\t\t\t\t<\/div>\n\t\t\t\t\t<\/div>\n\t\t<\/div>\n\t\t\t\t\t<\/div>\n\t\t<\/section>\n\t\t\t\t<section class=\"elementor-section elementor-top-section elementor-element elementor-element-d28cea0 elementor-section-boxed elementor-section-height-default elementor-section-height-default\" data-id=\"d28cea0\" data-element_type=\"section\">\n\t\t\t\t\t\t<div class=\"elementor-container elementor-column-gap-default\">\n\t\t\t\t\t<div class=\"elementor-column elementor-col-100 elementor-top-column elementor-element elementor-element-0e441cd\" data-id=\"0e441cd\" data-element_type=\"column\">\n\t\t\t<div class=\"elementor-widget-wrap elementor-element-populated\">\n\t\t\t\t\t\t<div class=\"elementor-element elementor-element-c3d88c3 elementor-widget elementor-widget-heading\" data-id=\"c3d88c3\" data-element_type=\"widget\" data-widget_type=\"heading.default\">\n\t\t\t\t<div class=\"elementor-widget-container\">\n\t\t\t\t\t<h1 class=\"elementor-heading-title elementor-size-default\">Patenschaften <\/h1>\t\t\t\t<\/div>\n\t\t\t\t<\/div>\n\t\t\t\t\t<\/div>\n\t\t<\/div>\n\t\t\t\t\t<\/div>\n\t\t<\/section>\n\t\t\t\t<section class=\"elementor-section elementor-top-section elementor-element elementor-element-8755de9 elementor-section-boxed elementor-section-height-default elementor-section-height-default\" data-id=\"8755de9\" data-element_type=\"section\">\n\t\t\t\t\t\t<div class=\"elementor-container elementor-column-gap-default\">\n\t\t\t\t\t<div class=\"elementor-column elementor-col-66 elementor-top-column elementor-element elementor-element-3872d77\" data-id=\"3872d77\" data-element_type=\"column\">\n\t\t\t<div class=\"elementor-widget-wrap elementor-element-populated\">\n\t\t\t\t\t\t<div class=\"elementor-element elementor-element-f4c8d47 elementor-widget elementor-widget-text-editor\" data-id=\"f4c8d47\" data-element_type=\"widget\" data-widget_type=\"text-editor.default\">\n\t\t\t\t<div class=\"elementor-widget-container\">\n\t\t\t\t\t\t\t\t\t<p>M\u00f6chten Sie den Tierpark Riesa pers\u00f6nlich unterst\u00fctzen und zur Verbesserung der Tiergehege und Haltungsbedingungen beitragen?<br \/>Dann ist eine Patenschaft f\u00fcr Ihre Lieblingstierart genau das Richtige f\u00fcr Sie!<br \/>Mit einer mindestens einj\u00e4hrigen Patenschaft helfen Sie uns, die Gehege regelm\u00e4\u00dfig anzupassen oder zu erweitern \u2013 ganz im Interesse der Tiere.<br \/>Patenschaften sind auch ein tolles Geschenk f\u00fcr Gro\u00df und Klein!   <\/p>\n<p>Nach Abschluss der Patenschaft erhalten Sie eine exklusive Patenurkunde per Post.<br \/>Auf Wunsch wird Ihr Name auf einem Schild direkt am Tiergehege angebracht.<br \/>Zudem werden Sie zum j\u00e4hrlichen Patentag eingeladen, an dem exklusive F\u00fchrungen f\u00fcr alle Tierpaten stattfinden.  <\/p>\n<p>Patenschaften sind eine freiwillige und uneigenn\u00fctzige finanzielle Unterst\u00fctzung f\u00fcr den Tierpark Riesa mit symbolischem Charakter.<br \/>Es besteht kein Anspruch auf direkten Kontakt zu den Tieren, f\u00fcr die eine Patenschaft \u00fcbernommen wurde.<br \/>Ein Tier oder eine Tierart kann gleichzeitig mehrere Paten haben.  <\/p>\n\t\t\t\t\t\t\t\t<\/div>\n\t\t\t\t<\/div>\n\t\t\t\t<div class=\"elementor-element elementor-element-a5c2c51 elementor-position-left elementor-mobile-position-left elementor-vertical-align-middle elementor-view-default elementor-widget elementor-widget-icon-box\" data-id=\"a5c2c51\" data-element_type=\"widget\" data-widget_type=\"icon-box.default\">\n\t\t\t\t<div class=\"elementor-widget-container\">\n\t\t\t\t\t\t\t<div class=\"elementor-icon-box-wrapper\">\n\n\t\t\t\t\t\t<div class=\"elementor-icon-box-icon\">\n\t\t\t\t<a href=\"https:\/\/tierpark-riesa.de\/wp-content\/uploads\/2024\/08\/Patenschaft_Anmeldeformular_2024_Foerderverein.pdf\" target=\"_blank\" class=\"elementor-icon\" tabindex=\"-1\" aria-label=\"Anmeldeformular Patenschaft\">\n\t\t\t\t<i aria-hidden=\"true\" class=\"fas fa-file-download\"><\/i>\t\t\t\t<\/a>\n\t\t\t<\/div>\n\t\t\t\n\t\t\t\t\t\t<div class=\"elementor-icon-box-content\">\n\n\t\t\t\t\t\t\t\t\t<h3 class=\"elementor-icon-box-title\">\n\t\t\t\t\t\t<a href=\"https:\/\/tierpark-riesa.de\/wp-content\/uploads\/2024\/08\/Patenschaft_Anmeldeformular_2024_Foerderverein.pdf\" target=\"_blank\" >\n\t\t\t\t\t\t\tAnmeldeformular Patenschaft\t\t\t\t\t\t<\/a>\n\t\t\t\t\t<\/h3>\n\t\t\t\t\n\t\t\t\t\t\t\t\t\t<p class=\"elementor-icon-box-description\">\n\t\t\t\t\t\tHier finden Sie alle wichtigen Informationen zu den verschiedenen Tieren sowie das Anmeldeformular f\u00fcr Ihre pers\u00f6nliche Patenschaft.\t\t\t\t\t<\/p>\n\t\t\t\t\n\t\t\t<\/div>\n\t\t\t\n\t\t<\/div>\n\t\t\t\t\t\t<\/div>\n\t\t\t\t<\/div>\n\t\t\t\t\t<\/div>\n\t\t<\/div>\n\t\t\t\t<div class=\"elementor-column elementor-col-33 elementor-top-column elementor-element elementor-element-c0eacb7\" data-id=\"c0eacb7\" data-element_type=\"column\">\n\t\t\t<div class=\"elementor-widget-wrap elementor-element-populated\">\n\t\t\t\t\t\t<div class=\"elementor-element elementor-element-06321b0 elementor-widget elementor-widget-gallery\" data-id=\"06321b0\" data-element_type=\"widget\" data-settings=\"{&quot;columns&quot;:2,&quot;columns_mobile&quot;:2,&quot;aspect_ratio&quot;:&quot;16:9&quot;,&quot;lazyload&quot;:&quot;yes&quot;,&quot;gallery_layout&quot;:&quot;grid&quot;,&quot;columns_tablet&quot;:2,&quot;gap&quot;:{&quot;unit&quot;:&quot;px&quot;,&quot;size&quot;:10,&quot;sizes&quot;:[]},&quot;gap_tablet&quot;:{&quot;unit&quot;:&quot;px&quot;,&quot;size&quot;:10,&quot;sizes&quot;:[]},&quot;gap_mobile&quot;:{&quot;unit&quot;:&quot;px&quot;,&quot;size&quot;:10,&quot;sizes&quot;:[]},&quot;link_to&quot;:&quot;file&quot;,&quot;overlay_background&quot;:&quot;yes&quot;,&quot;content_hover_animation&quot;:&quot;fade-in&quot;}\" data-widget_type=\"gallery.default\">\n\t\t\t\t<div class=\"elementor-widget-container\">\n\t\t\t\t\t\t\t<div class=\"elementor-gallery__container\">\n\t\t\t\t\t\t\t<a class=\"e-gallery-item elementor-gallery-item elementor-animated-content\" href=\"https:\/\/tierpark-riesa.de\/wp-content\/uploads\/2023\/08\/Klasse-1b-Trinitatisschule_Zwergotter.jpg\" data-elementor-open-lightbox=\"yes\" data-elementor-lightbox-slideshow=\"06321b0\" data-e-action-hash=\"#elementor-action%3Aaction%3Dlightbox%26settings%3DeyJpZCI6MjAwMywidXJsIjoiaHR0cHM6XC9cL3RpZXJwYXJrLXJpZXNhLmRlXC93cC1jb250ZW50XC91cGxvYWRzXC8yMDIzXC8wOFwvS2xhc3NlLTFiLVRyaW5pdGF0aXNzY2h1bGVfWndlcmdvdHRlci5qcGciLCJzbGlkZXNob3ciOiIwNjMyMWIwIn0%3D\">\n\t\t\t\t\t<div class=\"e-gallery-image elementor-gallery-item__image\" data-thumbnail=\"https:\/\/tierpark-riesa.de\/wp-content\/uploads\/2023\/08\/Klasse-1b-Trinitatisschule_Zwergotter-768x510.jpg\" data-width=\"768\" data-height=\"510\" aria-label=\"\" role=\"img\" ><\/div>\n\t\t\t\t\t\t\t\t\t\t\t<div class=\"elementor-gallery-item__overlay\"><\/div>\n\t\t\t\t\t\t\t\t\t\t\t\t\t\t<\/a>\n\t\t\t\t\t\t\t<a class=\"e-gallery-item elementor-gallery-item elementor-animated-content\" href=\"https:\/\/tierpark-riesa.de\/wp-content\/uploads\/2023\/08\/LEO-Club-Riesa_Zwergotter.jpg\" data-elementor-open-lightbox=\"yes\" data-elementor-lightbox-slideshow=\"06321b0\" data-e-action-hash=\"#elementor-action%3Aaction%3Dlightbox%26settings%3DeyJpZCI6MjAwNCwidXJsIjoiaHR0cHM6XC9cL3RpZXJwYXJrLXJpZXNhLmRlXC93cC1jb250ZW50XC91cGxvYWRzXC8yMDIzXC8wOFwvTEVPLUNsdWItUmllc2FfWndlcmdvdHRlci5qcGciLCJzbGlkZXNob3ciOiIwNjMyMWIwIn0%3D\">\n\t\t\t\t\t<div class=\"e-gallery-image elementor-gallery-item__image\" data-thumbnail=\"https:\/\/tierpark-riesa.de\/wp-content\/uploads\/2023\/08\/LEO-Club-Riesa_Zwergotter-768x510.jpg\" data-width=\"768\" data-height=\"510\" aria-label=\"\" role=\"img\" ><\/div>\n\t\t\t\t\t\t\t\t\t\t\t<div class=\"elementor-gallery-item__overlay\"><\/div>\n\t\t\t\t\t\t\t\t\t\t\t\t\t\t<\/a>\n\t\t\t\t\t\t\t<a class=\"e-gallery-item elementor-gallery-item elementor-animated-content\" href=\"https:\/\/tierpark-riesa.de\/wp-content\/uploads\/2023\/09\/Tierpatenschaften-1.jpg\" data-elementor-open-lightbox=\"yes\" data-elementor-lightbox-slideshow=\"06321b0\" data-e-action-hash=\"#elementor-action%3Aaction%3Dlightbox%26settings%3DeyJpZCI6MjEzOSwidXJsIjoiaHR0cHM6XC9cL3RpZXJwYXJrLXJpZXNhLmRlXC93cC1jb250ZW50XC91cGxvYWRzXC8yMDIzXC8wOVwvVGllcnBhdGVuc2NoYWZ0ZW4tMS5qcGciLCJzbGlkZXNob3ciOiIwNjMyMWIwIn0%3D\">\n\t\t\t\t\t<div class=\"e-gallery-image elementor-gallery-item__image\" data-thumbnail=\"https:\/\/tierpark-riesa.de\/wp-content\/uploads\/2023\/09\/Tierpatenschaften-1-768x512.jpg\" data-width=\"768\" data-height=\"512\" aria-label=\"Tierpatenschaften\" role=\"img\" ><\/div>\n\t\t\t\t\t\t\t\t\t\t\t<div class=\"elementor-gallery-item__overlay\"><\/div>\n\t\t\t\t\t\t\t\t\t\t\t\t\t\t<\/a>\n\t\t\t\t\t\t\t<a class=\"e-gallery-item elementor-gallery-item elementor-animated-content\" href=\"https:\/\/tierpark-riesa.de\/wp-content\/uploads\/2023\/09\/Tierpatenschaften-2.jpg\" data-elementor-open-lightbox=\"yes\" data-elementor-lightbox-slideshow=\"06321b0\" data-e-action-hash=\"#elementor-action%3Aaction%3Dlightbox%26settings%3DeyJpZCI6MjE0MCwidXJsIjoiaHR0cHM6XC9cL3RpZXJwYXJrLXJpZXNhLmRlXC93cC1jb250ZW50XC91cGxvYWRzXC8yMDIzXC8wOVwvVGllcnBhdGVuc2NoYWZ0ZW4tMi5qcGciLCJzbGlkZXNob3ciOiIwNjMyMWIwIn0%3D\">\n\t\t\t\t\t<div class=\"e-gallery-image elementor-gallery-item__image\" data-thumbnail=\"https:\/\/tierpark-riesa.de\/wp-content\/uploads\/2023\/09\/Tierpatenschaften-2-768x576.jpg\" data-width=\"768\" data-height=\"576\" aria-label=\"Tierpatenschaften\" role=\"img\" ><\/div>\n\t\t\t\t\t\t\t\t\t\t\t<div class=\"elementor-gallery-item__overlay\"><\/div>\n\t\t\t\t\t\t\t\t\t\t\t\t\t\t<\/a>\n\t\t\t\t\t<\/div>\n\t\t\t\t\t<\/div>\n\t\t\t\t<\/div>\n\t\t\t\t\t<\/div>\n\t\t<\/div>\n\t\t\t\t\t<\/div>\n\t\t<\/section>\n\t\t\t\t<\/div>\n\t\t","protected":false},"excerpt":{"rendered":"<p>Patenschaften M\u00f6chten Sie den Tierpark Riesa pers\u00f6nlich unterst\u00fctzen und zur Verbesserung der Tiergehege und Haltungsbedingungen beitragen?Dann ist eine Patenschaft f\u00fcr Ihre Lieblingstierart genau das Richtige f\u00fcr Sie!Mit einer mindestens einj\u00e4hrigen Patenschaft helfen Sie uns, die Gehege regelm\u00e4\u00dfig anzupassen oder zu erweitern \u2013 ganz im Interesse der Tiere.Patenschaften sind auch ein tolles Geschenk f\u00fcr Gro\u00df und [&hellip;]<\/p>\n","protected":false},"author":1,"featured_media":0,"parent":3853,"menu_order":0,"comment_status":"closed","ping_status":"closed","template":"elementor_header_footer","meta":{"inline_featured_image":false,"footnotes":""},"class_list":["post-3851","page","type-page","status-publish","hentry"],"yoast_head":"<!-- This site is optimized with the Yoast SEO plugin v25.1 - https:\/\/yoast.com\/wordpress\/plugins\/seo\/ -->\n<title>Patenschaften - Tierpark &amp; Kloster Riesa<\/title>\n<meta name=\"robots\" content=\"index, follow, max-snippet:-1, max-image-preview:large, max-video-preview:-1\" \/>\n<link rel=\"canonical\" href=\"https:\/\/tierpark-riesa.de\/de-ls\/unterstuetzen\/patenschaften\/\" \/>\n<meta property=\"og:locale\" content=\"de_DE\" \/>\n<meta property=\"og:type\" content=\"article\" \/>\n<meta property=\"og:title\" content=\"Patenschaften - Tierpark &amp; Kloster Riesa\" \/>\n<meta property=\"og:description\" content=\"Patenschaften M\u00f6chten Sie den Tierpark Riesa pers\u00f6nlich unterst\u00fctzen und zur Verbesserung der Tiergehege und Haltungsbedingungen beitragen?Dann ist eine Patenschaft f\u00fcr Ihre Lieblingstierart genau das Richtige f\u00fcr Sie!Mit einer mindestens einj\u00e4hrigen Patenschaft helfen Sie uns, die Gehege regelm\u00e4\u00dfig anzupassen oder zu erweitern \u2013 ganz im Interesse der Tiere.Patenschaften sind auch ein tolles Geschenk f\u00fcr Gro\u00df und [&hellip;]\" \/>\n<meta property=\"og:url\" content=\"https:\/\/tierpark-riesa.de\/de-ls\/unterstuetzen\/patenschaften\/\" \/>\n<meta property=\"og:site_name\" content=\"Tierpark &amp; Kloster Riesa\" \/>\n<meta property=\"article:modified_time\" content=\"2024-10-22T17:40:26+00:00\" \/>\n<meta name=\"twitter:card\" content=\"summary_large_image\" \/>\n<meta name=\"twitter:label1\" content=\"Est. reading time\" \/>\n\t<meta name=\"twitter:data1\" content=\"1 minute\" \/>\n<script type=\"application\/ld+json\" class=\"yoast-schema-graph\">{\"@context\":\"https:\/\/schema.org\",\"@graph\":[{\"@type\":\"WebPage\",\"@id\":\"https:\/\/tierpark-riesa.de\/de-ls\/unterstuetzen\/patenschaften\/\",\"url\":\"https:\/\/tierpark-riesa.de\/de-ls\/unterstuetzen\/patenschaften\/\",\"name\":\"Patenschaften - Tierpark &amp; Kloster Riesa\",\"isPartOf\":{\"@id\":\"https:\/\/tierpark-riesa.de\/#website\"},\"datePublished\":\"2023-07-23T16:19:18+00:00\",\"dateModified\":\"2024-10-22T17:40:26+00:00\",\"breadcrumb\":{\"@id\":\"https:\/\/tierpark-riesa.de\/de-ls\/unterstuetzen\/patenschaften\/#breadcrumb\"},\"inLanguage\":\"de-LS\",\"potentialAction\":[{\"@type\":\"ReadAction\",\"target\":[\"https:\/\/tierpark-riesa.de\/de-ls\/unterstuetzen\/patenschaften\/\"]}]},{\"@type\":\"BreadcrumbList\",\"@id\":\"https:\/\/tierpark-riesa.de\/de-ls\/unterstuetzen\/patenschaften\/#breadcrumb\",\"itemListElement\":[{\"@type\":\"ListItem\",\"position\":1,\"name\":\"Startseite\",\"item\":\"https:\/\/tierpark-riesa.de\/de-ls\/startseite-2\/\"},{\"@type\":\"ListItem\",\"position\":2,\"name\":\"Unterst\u00fctzen\",\"item\":\"https:\/\/tierpark-riesa.de\/de-ls\/unterstuetzen\/\"},{\"@type\":\"ListItem\",\"position\":3,\"name\":\"Patenschaften\"}]},{\"@type\":\"WebSite\",\"@id\":\"https:\/\/tierpark-riesa.de\/#website\",\"url\":\"https:\/\/tierpark-riesa.de\/\",\"name\":\"Tierpark &amp; Kloster Riesa\",\"description\":\"Natur erleben - Tiere entdecken an 365 Tagen im Jahr. 400 Tiere in 75 ausgew\u00e4hlten Arten und Rassen im Tierpark Riesa.\",\"publisher\":{\"@id\":\"https:\/\/tierpark-riesa.de\/#organization\"},\"potentialAction\":[{\"@type\":\"SearchAction\",\"target\":{\"@type\":\"EntryPoint\",\"urlTemplate\":\"https:\/\/tierpark-riesa.de\/?s={search_term_string}\"},\"query-input\":{\"@type\":\"PropertyValueSpecification\",\"valueRequired\":true,\"valueName\":\"search_term_string\"}}],\"inLanguage\":\"de-LS\"},{\"@type\":\"Organization\",\"@id\":\"https:\/\/tierpark-riesa.de\/#organization\",\"name\":\"FVG Riesa mbH\",\"url\":\"https:\/\/tierpark-riesa.de\/\",\"logo\":{\"@type\":\"ImageObject\",\"inLanguage\":\"de-LS\",\"@id\":\"https:\/\/tierpark-riesa.de\/#\/schema\/logo\/image\/\",\"url\":\"https:\/\/tierpark-riesa.de\/wp-content\/uploads\/2022\/01\/FVG_logo_claim_4c.png\",\"contentUrl\":\"https:\/\/tierpark-riesa.de\/wp-content\/uploads\/2022\/01\/FVG_logo_claim_4c.png\",\"width\":750,\"height\":265,\"caption\":\"FVG Riesa mbH\"},\"image\":{\"@id\":\"https:\/\/tierpark-riesa.de\/#\/schema\/logo\/image\/\"}}]}<\/script>\n<!-- \/ Yoast SEO plugin. -->","yoast_head_json":{"title":"Patenschaften - Tierpark &amp; Kloster Riesa","robots":{"index":"index","follow":"follow","max-snippet":"max-snippet:-1","max-image-preview":"max-image-preview:large","max-video-preview":"max-video-preview:-1"},"canonical":"https:\/\/tierpark-riesa.de\/de-ls\/unterstuetzen\/patenschaften\/","og_locale":"de_DE","og_type":"article","og_title":"Patenschaften - Tierpark &amp; Kloster Riesa","og_description":"Patenschaften M\u00f6chten Sie den Tierpark Riesa pers\u00f6nlich unterst\u00fctzen und zur Verbesserung der Tiergehege und Haltungsbedingungen beitragen?Dann ist eine Patenschaft f\u00fcr Ihre Lieblingstierart genau das Richtige f\u00fcr Sie!Mit einer mindestens einj\u00e4hrigen Patenschaft helfen Sie uns, die Gehege regelm\u00e4\u00dfig anzupassen oder zu erweitern \u2013 ganz im Interesse der Tiere.Patenschaften sind auch ein tolles Geschenk f\u00fcr Gro\u00df und [&hellip;]","og_url":"https:\/\/tierpark-riesa.de\/de-ls\/unterstuetzen\/patenschaften\/","og_site_name":"Tierpark &amp; Kloster Riesa","article_modified_time":"2024-10-22T17:40:26+00:00","twitter_card":"summary_large_image","twitter_misc":{"Est. reading time":"1 minute"},"schema":{"@context":"https:\/\/schema.org","@graph":[{"@type":"WebPage","@id":"https:\/\/tierpark-riesa.de\/de-ls\/unterstuetzen\/patenschaften\/","url":"https:\/\/tierpark-riesa.de\/de-ls\/unterstuetzen\/patenschaften\/","name":"Patenschaften - Tierpark &amp; Kloster Riesa","isPartOf":{"@id":"https:\/\/tierpark-riesa.de\/#website"},"datePublished":"2023-07-23T16:19:18+00:00","dateModified":"2024-10-22T17:40:26+00:00","breadcrumb":{"@id":"https:\/\/tierpark-riesa.de\/de-ls\/unterstuetzen\/patenschaften\/#breadcrumb"},"inLanguage":"de-LS","potentialAction":[{"@type":"ReadAction","target":["https:\/\/tierpark-riesa.de\/de-ls\/unterstuetzen\/patenschaften\/"]}]},{"@type":"BreadcrumbList","@id":"https:\/\/tierpark-riesa.de\/de-ls\/unterstuetzen\/patenschaften\/#breadcrumb","itemListElement":[{"@type":"ListItem","position":1,"name":"Startseite","item":"https:\/\/tierpark-riesa.de\/de-ls\/startseite-2\/"},{"@type":"ListItem","position":2,"name":"Unterst\u00fctzen","item":"https:\/\/tierpark-riesa.de\/de-ls\/unterstuetzen\/"},{"@type":"ListItem","position":3,"name":"Patenschaften"}]},{"@type":"WebSite","@id":"https:\/\/tierpark-riesa.de\/#website","url":"https:\/\/tierpark-riesa.de\/","name":"Tierpark &amp; Kloster Riesa","description":"Natur erleben - Tiere entdecken an 365 Tagen im Jahr. 400 Tiere in 75 ausgew\u00e4hlten Arten und Rassen im Tierpark Riesa.","publisher":{"@id":"https:\/\/tierpark-riesa.de\/#organization"},"potentialAction":[{"@type":"SearchAction","target":{"@type":"EntryPoint","urlTemplate":"https:\/\/tierpark-riesa.de\/?s={search_term_string}"},"query-input":{"@type":"PropertyValueSpecification","valueRequired":true,"valueName":"search_term_string"}}],"inLanguage":"de-LS"},{"@type":"Organization","@id":"https:\/\/tierpark-riesa.de\/#organization","name":"FVG Riesa mbH","url":"https:\/\/tierpark-riesa.de\/","logo":{"@type":"ImageObject","inLanguage":"de-LS","@id":"https:\/\/tierpark-riesa.de\/#\/schema\/logo\/image\/","url":"https:\/\/tierpark-riesa.de\/wp-content\/uploads\/2022\/01\/FVG_logo_claim_4c.png","contentUrl":"https:\/\/tierpark-riesa.de\/wp-content\/uploads\/2022\/01\/FVG_logo_claim_4c.png","width":750,"height":265,"caption":"FVG Riesa mbH"},"image":{"@id":"https:\/\/tierpark-riesa.de\/#\/schema\/logo\/image\/"}}]}},"_links":{"self":[{"href":"https:\/\/tierpark-riesa.de\/de-ls\/wp-json\/wp\/v2\/pages\/3851","targetHints":{"allow":["GET"]}}],"collection":[{"href":"https:\/\/tierpark-riesa.de\/de-ls\/wp-json\/wp\/v2\/pages"}],"about":[{"href":"https:\/\/tierpark-riesa.de\/de-ls\/wp-json\/wp\/v2\/types\/page"}],"author":[{"embeddable":true,"href":"https:\/\/tierpark-riesa.de\/de-ls\/wp-json\/wp\/v2\/users\/1"}],"replies":[{"embeddable":true,"href":"https:\/\/tierpark-riesa.de\/de-ls\/wp-json\/wp\/v2\/comments?post=3851"}],"version-history":[{"count":3,"href":"https:\/\/tierpark-riesa.de\/de-ls\/wp-json\/wp\/v2\/pages\/3851\/revisions"}],"predecessor-version":[{"id":3941,"href":"https:\/\/tierpark-riesa.de\/de-ls\/wp-json\/wp\/v2\/pages\/3851\/revisions\/3941"}],"up":[{"embeddable":true,"href":"https:\/\/tierpark-riesa.de\/de-ls\/wp-json\/wp\/v2\/pages\/3853"}],"wp:attachment":[{"href":"https:\/\/tierpark-riesa.de\/de-ls\/wp-json\/wp\/v2\/media?parent=3851"}],"curies":[{"name":"wp","href":"https:\/\/api.w.org\/{rel}","templated":true}]}}